{"id":15250,"date":"2022-10-09T20:00:51","date_gmt":"2022-10-09T17:00:51","guid":{"rendered":"https:\/\/prelive2.pomello.ee\/?post_type=product&#038;p=15250"},"modified":"2024-03-20T01:23:36","modified_gmt":"2024-03-19T22:23:36","slug":"3d-kulmuhooldus-koolitus","status":"publish","type":"product","link":"https:\/\/prelive2.pomello.ee\/fi\/toode\/3d-kulmuhooldus-koolitus\/","title":{"rendered":"3D kulmuhooldus koolitus + kulmude lamineerimine"},"content":{"rendered":"<h1>Kes on koolitaja?<\/h1>\n<p>Veebikursust &#8221;3D kulmuhooldus keemilise v\u00e4rvimisega&#8221; viib l\u00e4bi koolitaja Kristina Traumann-Kepp kes on tegutsenud iluvaldkonnas alates 2009. aastast. Ta alustas oma teekonda ripsmetehnikuna mil omandas samal ajal Mainori k\u00f5rgkoolis 2. kursusel ettev\u00f5tluse ja projektijuhtimise eriala. Sellele j\u00e4rgnes koheselt vol\u00fc\u00fcmripsmed, erinevate br\u00e4ndide lash lifti koolitused, kulmukoolitused jp. T\u00e4naseks on Kristina l\u00e4bitud koolituste loetelu \u00fcsna pikk alustades fotograafiast ja l\u00f5petades TTHK juuksuri eriala \u00f5pingutega. Sinna vahele j\u00e4\u00e4b hulk kunstiliste suunadega koolitusi nagu n\u00e4iteks erinevad kulmu hoolduste koolitused, rahvusvaheline meigikool ning Sviatoslav Otchenash by Academy S p\u00fcsimeigi kursuse, et hoida oma teadmised v\u00e4rskena ja pakkuda klientidele kvaliteetset teenust. Kristina on koolitanud alates 2018. aastast viies l\u00e4bi lash lifti, kulmuhoolduse, kulmude lamineerimise, ripsmepikenduste jpt. koolitusi.<\/p>\n<p>&nbsp;<\/p>\n<p><strong>Miks l\u00e4bida kursus veebikoolitusena:<\/strong><\/p>\n<ul>\n<li>Saad l\u00e4bida koolitust omale sobivas asukohas<\/li>\n<li>Veebip\u00f5hise koolitus sisaldab \u00f5ppematerjali ja \u00f5ppevideoid, mis\u00a0juhendavad samm-sammult<\/li>\n<li>Koolituste l\u00f5ppedes saab \u00f5pilane liituda tugigrupiga 3 kuuks kus koolitaja vastab \u00f5pilaste k\u00fcsimustele<\/li>\n<li>Modelle ei ole vaja otsida koolituse toimumise ajaks vaid saad t\u00f6\u00f6d teostada endale sobival ajal<\/li>\n<li>Kokkuhoid transpordi ja aja pealt \u2013 ei pea kulutama tulekuks tunde ja s\u00e4\u00e4sta raha k\u00fctuse pealt<\/li>\n<li>Kiire viis oma teadmised viia uuele tasemele<\/li>\n<li>Koolituse l\u00e4bimisel on \u00f5pilasel v\u00f5imalik soetada e-poest tooteid lisaks -5% soodsamalt \u00fchekorse sooduskoodiga<\/li>\n<\/ul>\n<p>&nbsp;<\/p>\n<p><strong>Registreerumine:<\/strong> Lisades koolituse ostukorvi ja tasudes selle eest, edastame koolituse l\u00e4bimiseks vajaliku lisainfo e-kirja teel \u00f5pilasele kus on kirjas t\u00e4psed juhised koolituse l\u00e4bimise teekonnaks.<\/p>\n<p><strong>Koolituse teekond:<\/strong> P\u00fc\u00fcame pakkuda koolituse l\u00e4bimiseks kvaliteetseid \u00f5ppevideoid ja hoolega valmistatud \u00f5ppematerjale koolituse l\u00e4bimiseks veebi teel. Koolituse l\u00f5ppedes peate hindamisprotsessi osana esitama pildid enne ja p\u00e4rast t\u00f6\u00f6dest (3 kuu jooksul). COVID-19 kriisi ajal pikendame hindamisperioodi.<\/p>\n<p><strong>Kursuse l\u00e4bimine:<\/strong> Kui oled hindamisfaasi edukalt l\u00e4binud, v\u00e4ljastame Sulle tunnistuse! HURRA!!<\/p>\n<p>&nbsp;<\/p>\n<h4>PANE T\u00c4HELE:<\/h4>\n<p>Veebikoolitus ei ole tagastatavad.<\/p>\n<p>J\u00e4tame endale \u00f5iguse sertifikaati v\u00e4ljastamata j\u00e4tta seni, kuni eduka hindamisega on saavutatud p\u00e4devus.<\/p>\n<p>Veebikursused on saadaval ainult Eesti keeles.<\/p>\n<p>Teile antakse 6 kuuks juurdep\u00e4\u00e4su veebikursusele.<\/p>\n<p>Meie veebisaidilt saate vaadata ka muid koolitusv\u00f5imalusi.<\/p>\n<p>Koolituse ja toodete tasumiseks leiab kassast erinevaid v\u00f5imalusi n\u00e4iteks j\u00e4relmaks v\u00f5i osamaksed.<\/p>\n<p>Pakume lisaks v\u00f5imalust kokku leppida koolituse l\u00e4bimine eraviisiliselt, kus koolitaja tuleks koolitama salongi koha peale. Sellisel juhul lisandub kohaletuleku tasu.<\/p>\n","protected":false},"excerpt":{"rendered":"<h3><strong>UUENENUD KOOLITUS<\/strong><\/h3>\n<h4>3D kulmuhooldus ja kulmude lamineerimine \u00fches koolituses. Ideaalne v\u00f5imalus \u00f5ppida veebikoolitusel selgeks kaks populaarset teenust.<\/h4>\n<p>Selleks, et me saaksime pakkuda oma klientidele ideaalseid kulme, on vajalik omandada teadmised 3D kulmuhoolduse ja kulmude m\u00f5\u00f5distamise kohta. Suur osat\u00e4htsus kulmude m\u00f5\u00f5distamisel on \u00f5igete t\u00f6\u00f6vahendite valimisel, mida paremad tarvikud on, seda lihtsam on luua kliendi n\u00e4o proportsioonidele vastavaid kulmupaare. Koolitus sobib k\u00f5igile, kes soovivad oma teadmisi laiendada kulmude m\u00f5\u00f5distamise valdkonnas pakkudes seel\u00e4bi kvaliteetset kulmuhooldusteenust. Ootame koolitusele ka p\u00fcsimeigi kunstnike ja alustavaid tehnikuid, kes soovivad omandada uut ametit.<\/p>\n<p>&nbsp;<\/p>\n<p>Veebikoolitus annab teile p\u00f5hjalikud teadmised kulmude m\u00f5\u00f5distamise ja keemilise v\u00e4rvimise protseduurist ning n\u00e4pun\u00e4iteid erinevate tehnikate valdamiseks, et saavutada t\u00e4iuslik tulemus. Koolitusel kulmude m\u00f5\u00f5distamise kohta \u00f5pime protseduuri algt\u00f5desid, \u00f5igeid t\u00f6\u00f6v\u00f5tteid, karvaanatoomiat, kulmude modellerimist vahaga, pintsettidega viimistlemist ning keemilist v\u00e4rvimist ning lisaks kulmude lamineerimist.<\/p>\n<p>&nbsp;<\/p>\n<p><strong>Veebikursusel l\u00e4bitavad teemad: <\/strong><\/p>\n<ul>\n<li>Mis on kulmuhoolduse etapid<\/li>\n<li>Milliseid viise saab kasutada kulmude m\u00f5\u00f5distamiseks<\/li>\n<li>Kuidas kulme m\u00f5\u00f5distada<\/li>\n<li>Kliendi konsultatsioon<\/li>\n<li>Kulmukarva anatoomia<\/li>\n<li>H\u00fcgieen ja t\u00f6\u00f6ohutus<\/li>\n<li>T\u00f6\u00f6riistade, tarvikute ja seadmete puhastamine<\/li>\n<li>Protseduuri eelsed ettevalmistused ja vastun\u00e4idustused<\/li>\n<li>Kulmude modelleerimine pehme ja k\u00f5va vahaga<\/li>\n<li>Kulmuhoolduse protsess ja samm-sammult protseduuri l\u00e4bimine veebis<\/li>\n<li>Pintsettidega viimistlemine<\/li>\n<li>Kulmude keemiline v\u00e4rvimine<\/li>\n<li>Kulmude viimistlemine meigi ja kulmugeeliga<\/li>\n<li>J\u00e4rel hooldus ja kliendi kodunehooldus<\/li>\n<li>Korduma kippuvad k\u00fcsimused \/ olulised m\u00e4rkused<\/li>\n<li>Kuidas teha h\u00e4id enne\/p\u00e4rast pilte<\/li>\n<li>Kulmude lamineerimise t\u00f6\u00f6v\u00f5tted<\/li>\n<li>Kulmude lamineerimiseks kasutatavad tarvikud<\/li>\n<li>Kulmude lamineerimiseks kasutatavad emulsioonid<\/li>\n<\/ul>\n<p>&nbsp;<\/p>\n<p>Veebikoolitust on v\u00f5imalik l\u00e4bida \u00f5pilasel igal ajal. Kui soetate 3D kulmuhoolduse koolituse siis peale ostu sooritamist edastatakse teile veebileht kuhu p\u00e4\u00e4sete sisse spetsiaalselt \u00f5pilasele loodud kontoga ning saate alustada veebikoolituse l\u00e4bimist. Rohkem infot koolituskeskkonna kohta leiab <strong><a href=\"https:\/\/kristina-s-site-3ec6.thinkific.com\/\">siit<\/a><\/strong><\/p>\n","protected":false},"featured_media":19277,"comment_status":"open","ping_status":"closed","template":"","meta":{"_monsterinsights_skip_tracking":false,"_monsterinsights_sitenote_active":false,"_monsterinsights_sitenote_note":"","_monsterinsights_sitenote_category":0},"product_cat":[228],"product_tag":[],"class_list":{"0":"post-15250","1":"product","2":"type-product","3":"status-publish","4":"has-post-thumbnail","6":"product_cat-koolitused","8":"first","9":"instock","10":"virtual","11":"taxable","12":"purchasable","13":"product-type-simple"},"_links":{"self":[{"href":"https:\/\/prelive2.pomello.ee\/fi\/wp-json\/wp\/v2\/product\/15250","targetHints":{"allow":["GET"]}}],"collection":[{"href":"https:\/\/prelive2.pomello.ee\/fi\/wp-json\/wp\/v2\/product"}],"about":[{"href":"https:\/\/prelive2.pomello.ee\/fi\/wp-json\/wp\/v2\/types\/product"}],"replies":[{"embeddable":true,"href":"https:\/\/prelive2.pomello.ee\/fi\/wp-json\/wp\/v2\/comments?post=15250"}],"version-history":[{"count":20,"href":"https:\/\/prelive2.pomello.ee\/fi\/wp-json\/wp\/v2\/product\/15250\/revisions"}],"predecessor-version":[{"id":20380,"href":"https:\/\/prelive2.pomello.ee\/fi\/wp-json\/wp\/v2\/product\/15250\/revisions\/20380"}],"wp:featuredmedia":[{"embeddable":true,"href":"https:\/\/prelive2.pomello.ee\/fi\/wp-json\/wp\/v2\/media\/19277"}],"wp:attachment":[{"href":"https:\/\/prelive2.pomello.ee\/fi\/wp-json\/wp\/v2\/media?parent=15250"}],"wp:term":[{"taxonomy":"product_cat","embeddable":true,"href":"https:\/\/prelive2.pomello.ee\/fi\/wp-json\/wp\/v2\/product_cat?post=15250"},{"taxonomy":"product_tag","embeddable":true,"href":"https:\/\/prelive2.pomello.ee\/fi\/wp-json\/wp\/v2\/product_tag?post=15250"}],"curies":[{"name":"wp","href":"https:\/\/api.w.org\/{rel}","templated":true}]}}