{"id":23057,"date":"2022-10-16T22:28:40","date_gmt":"2022-10-16T19:28:40","guid":{"rendered":"https:\/\/prelive2.pomello.ee\/yhteydenotto\/"},"modified":"2024-01-31T18:38:26","modified_gmt":"2024-01-31T15:38:26","slug":"yhteydenotto","status":"publish","type":"page","link":"https:\/\/prelive2.pomello.ee\/fi\/yhteydenotto\/","title":{"rendered":"Yhteydenotto"},"content":{"rendered":"\t\t<div data-elementor-type=\"wp-page\" data-elementor-id=\"23057\" class=\"elementor elementor-23057 elementor-16280\">\n\t\t\t\t\t\t<section class=\"elementor-section elementor-top-section elementor-element elementor-element-5139721 elementor-section-boxed elementor-section-height-default elementor-section-height-default\" data-id=\"5139721\" data-element_type=\"section\">\n\t\t\t\t\t\t<div class=\"elementor-container elementor-column-gap-default\">\n\t\t\t\t\t<div class=\"elementor-column elementor-col-50 elementor-top-column elementor-element elementor-element-c004816\" data-id=\"c004816\" data-element_type=\"column\">\n\t\t\t<div class=\"elementor-widget-wrap elementor-element-populated\">\n\t\t\t\t\t\t<div class=\"elementor-element elementor-element-2bc8905 elementor-widget elementor-widget-heading\" data-id=\"2bc8905\" data-element_type=\"widget\" data-widget_type=\"heading.default\">\n\t\t\t\t<div class=\"elementor-widget-container\">\n\t\t\t<style>\/*! elementor - v3.20.0 - 20-03-2024 *\/\n.elementor-heading-title{padding:0;margin:0;line-height:1}.elementor-widget-heading .elementor-heading-title[class*=elementor-size-]>a{color:inherit;font-size:inherit;line-height:inherit}.elementor-widget-heading .elementor-heading-title.elementor-size-small{font-size:15px}.elementor-widget-heading .elementor-heading-title.elementor-size-medium{font-size:19px}.elementor-widget-heading .elementor-heading-title.elementor-size-large{font-size:29px}.elementor-widget-heading .elementor-heading-title.elementor-size-xl{font-size:39px}.elementor-widget-heading .elementor-heading-title.elementor-size-xxl{font-size:59px}<\/style><h2 class=\"elementor-heading-title elementor-size-default\">Toivomme, ett\u00e4 nautit verkkokaupan selaamisesta ja tarjolla olevista koulutuksista.\nTarvitsetko apua? Kirjoita rohkeasti!<\/h2>\t\t<\/div>\n\t\t\t\t<\/div>\n\t\t\t\t<div class=\"elementor-element elementor-element-f36b0f3 elementor-widget elementor-widget-heading\" data-id=\"f36b0f3\" data-element_type=\"widget\" data-widget_type=\"heading.default\">\n\t\t\t\t<div class=\"elementor-widget-container\">\n\t\t\t<span class=\"elementor-heading-title elementor-size-default\">Jos sinulla on kysytt\u00e4v\u00e4\u00e4 tai ehdotuksia, t\u00e4yt\u00e4 alla oleva lomake, niin otamme sinuun yhteytt\u00e4 mahdollisimman pian.<\/span>\t\t<\/div>\n\t\t\t\t<\/div>\n\t\t\t\t<div class=\"elementor-element elementor-element-8c6a14a elementor-widget elementor-widget-neuron-form\" data-id=\"8c6a14a\" data-element_type=\"widget\" data-widget_type=\"neuron-form.default\">\n\t\t\t\t<div class=\"elementor-widget-container\">\n\t\t\t\t\t<form class=\"m-neuron-form\" method=\"post\" name=\"Kontakt\">\r\n\t\t\t<input type=\"hidden\" name=\"post_id\" value=\"23057\"\/>\r\n\t\t\t<input type=\"hidden\" name=\"form_id\" value=\"8c6a14a\"\/>\r\n\r\n\t\t\t\t\t\t<div class=\"m-neuron-form__field-group--text m-neuron-form__field-group elementor-repeater-item-278bae8\">\r\n\t\t\t\t<input size=\"1\" type=\"text\" name=\"form_fields[name]\" id=\"form-field-name\" class=\"m-neuron-form__field h-neuron-size-sm  m-neuron-form__input\" placeholder=\"Nimi\">\t\t\t<\/div>\r\n\t\t\t\t\t\t<div class=\"m-neuron-form__field-group--email m-neuron-form__field-group elementor-repeater-item-9be9966 m-neuron-form__field-group--required\">\r\n\t\t\t\t<input size=\"1\" type=\"email\" name=\"form_fields[email]\" id=\"form-field-email\" class=\"m-neuron-form__field h-neuron-size-sm  m-neuron-form__input\" placeholder=\"E-posti aadress\" required=\"required\" aria-required=\"true\">\t\t\t<\/div>\r\n\t\t\t\t\t\t<div class=\"m-neuron-form__field-group--textarea m-neuron-form__field-group elementor-repeater-item-7878578\">\r\n\t\t\t\t<textarea class=\"m-neuron-form__field  h-neuron-size-sm\" name=\"form_fields[message]\" id=\"form-field-message\" rows=\"4\" placeholder=\"S\u00f5num\"><\/textarea>\t\t\t<\/div>\r\n\t\t\t\t\t\t<div class=\"m-neuron-form__field-group m-neuron-form__button\">\r\n\t\t\t\t<button type=\"submit\" class=\"m-neuron-form__submit-button a-neuron-button h-neuron-size--sm\">\r\n\t\t\t\t\t<span >\r\n\t\t\t\t\t\t\t\t\t\t\t\t\t<span class=\"m-neuron-form__button-icon\">\r\n\t\t\t\t\t\t\t\t\t\t\t\t\t\t\t\t\t\t\t\t\t\t\t<\/span>\r\n\t\t\t\t\t\t\t\t\t\t\t\t\t\t\t\t\t\t\t<span class=\"m-neuron-form__button-text\">Saada<\/span>\r\n\t\t\t\t\t\t\t\t\t\t\t<\/span>\r\n\t\t\t\t<\/button>\r\n\t\t\t<\/div>\r\n\t\t<\/form>\r\n\t\t\t\t<\/div>\n\t\t\t\t<\/div>\n\t\t\t\t\t<\/div>\n\t\t<\/div>\n\t\t\t\t<div class=\"elementor-column elementor-col-50 elementor-top-column elementor-element elementor-element-493fb62\" data-id=\"493fb62\" data-element_type=\"column\">\n\t\t\t<div class=\"elementor-widget-wrap elementor-element-populated\">\n\t\t\t\t\t\t<div class=\"elementor-element elementor-element-8421698 elementor-widget elementor-widget-text-editor\" data-id=\"8421698\" data-element_type=\"widget\" data-widget_type=\"text-editor.default\">\n\t\t\t\t<div class=\"elementor-widget-container\">\n\t\t\t<style>\/*! elementor - v3.20.0 - 20-03-2024 *\/\n.elementor-widget-text-editor.elementor-drop-cap-view-stacked .elementor-drop-cap{background-color:#69727d;color:#fff}.elementor-widget-text-editor.elementor-drop-cap-view-framed .elementor-drop-cap{color:#69727d;border:3px solid;background-color:transparent}.elementor-widget-text-editor:not(.elementor-drop-cap-view-default) .elementor-drop-cap{margin-top:8px}.elementor-widget-text-editor:not(.elementor-drop-cap-view-default) .elementor-drop-cap-letter{width:1em;height:1em}.elementor-widget-text-editor .elementor-drop-cap{float:left;text-align:center;line-height:1;font-size:50px}.elementor-widget-text-editor .elementor-drop-cap-letter{display:inline-block}<\/style>\t\t\t\t<h4 style=\"font-family: var( --e-global-typography-b1f72ec-font-family ), Sans-serif; font-weight: var( --e-global-typography-b1f72ec-font-weight ); line-height: var( --e-global-typography-b1f72ec-line-height ); color: rgb(24, 23, 23); font-size: var( --e-global-typography-b1f72ec-font-size ); letter-spacing: normal; word-spacing: 0px;\"><span style=\"white-space: pre-wrap;\">Pomello Eesti O\u00dc<\/span><\/h4>\n<p><span style=\"white-space: pre-wrap;\">Rekisterikoodi 16556544<\/span><br style=\"white-space: pre-wrap;\"><span style=\"white-space: pre-wrap;\">info@pomello.ee<\/span><\/p>\n\t\t\t\t\t\t<\/div>\n\t\t\t\t<\/div>\n\t\t\t\t\t<\/div>\n\t\t<\/div>\n\t\t\t\t\t<\/div>\n\t\t<\/section>\n\t\t\t\t<\/div>\n\t\t","protected":false},"excerpt":{"rendered":"<p>Toivomme, ett\u00e4 nautit verkkokaupan selaamisesta ja tarjolla olevista koulutuksista. Tarvitsetko apua? Kirjoita rohkeasti! Jos sinulla on kysytt\u00e4v\u00e4\u00e4 tai ehdotuksia, t\u00e4yt\u00e4 alla oleva lomake, niin otamme sinuun yhteytt\u00e4 mahdollisimman pian. Pomello Eesti O\u00dc Rekisterikoodi 16556544info@pomello.ee<\/p>\n","protected":false},"author":1,"featured_media":0,"parent":0,"menu_order":0,"comment_status":"closed","ping_status":"closed","template":"","meta":{"_monsterinsights_skip_tracking":false,"_monsterinsights_sitenote_active":false,"_monsterinsights_sitenote_note":"","_monsterinsights_sitenote_category":0,"footnotes":""},"class_list":["post-23057","page","type-page","status-publish","hentry"],"_links":{"self":[{"href":"https:\/\/prelive2.pomello.ee\/fi\/wp-json\/wp\/v2\/pages\/23057","targetHints":{"allow":["GET"]}}],"collection":[{"href":"https:\/\/prelive2.pomello.ee\/fi\/wp-json\/wp\/v2\/pages"}],"about":[{"href":"https:\/\/prelive2.pomello.ee\/fi\/wp-json\/wp\/v2\/types\/page"}],"author":[{"embeddable":true,"href":"https:\/\/prelive2.pomello.ee\/fi\/wp-json\/wp\/v2\/users\/1"}],"replies":[{"embeddable":true,"href":"https:\/\/prelive2.pomello.ee\/fi\/wp-json\/wp\/v2\/comments?post=23057"}],"version-history":[{"count":1,"href":"https:\/\/prelive2.pomello.ee\/fi\/wp-json\/wp\/v2\/pages\/23057\/revisions"}],"predecessor-version":[{"id":23058,"href":"https:\/\/prelive2.pomello.ee\/fi\/wp-json\/wp\/v2\/pages\/23057\/revisions\/23058"}],"wp:attachment":[{"href":"https:\/\/prelive2.pomello.ee\/fi\/wp-json\/wp\/v2\/media?parent=23057"}],"curies":[{"name":"wp","href":"https:\/\/api.w.org\/{rel}","templated":true}]}}