{"id":23049,"date":"2022-09-18T21:01:17","date_gmt":"2022-09-18T18:01:17","guid":{"rendered":"https:\/\/prelive2.pomello.ee\/toimituksen-palautus\/"},"modified":"2024-01-31T18:34:26","modified_gmt":"2024-01-31T15:34:26","slug":"toimituksen-palautus","status":"publish","type":"page","link":"https:\/\/prelive2.pomello.ee\/fi\/toimituksen-palautus\/","title":{"rendered":"Toimituksen palautus"},"content":{"rendered":"\t\t<div data-elementor-type=\"wp-page\" data-elementor-id=\"23049\" class=\"elementor elementor-23049 elementor-14970\">\n\t\t\t\t\t\t<section class=\"elementor-section elementor-top-section elementor-element elementor-element-7c9eec7 elementor-section-height-min-height elementor-section-items-bottom elementor-section-boxed elementor-section-height-default\" data-id=\"7c9eec7\" data-element_type=\"section\" data-settings=\"{&quot;background_background&quot;:&quot;classic&quot;}\">\n\t\t\t\t\t\t<div class=\"elementor-container elementor-column-gap-default\">\n\t\t\t\t\t<div class=\"elementor-column elementor-col-100 elementor-top-column elementor-element elementor-element-7bcc544\" data-id=\"7bcc544\" data-element_type=\"column\">\n\t\t\t<div class=\"elementor-widget-wrap elementor-element-populated\">\n\t\t\t\t\t\t<div class=\"elementor-element elementor-element-a9ebb35 elementor-widget elementor-widget-heading\" data-id=\"a9ebb35\" data-element_type=\"widget\" data-widget_type=\"heading.default\">\n\t\t\t\t<div class=\"elementor-widget-container\">\n\t\t\t<style>\/*! elementor - v3.20.0 - 20-03-2024 *\/\n.elementor-heading-title{padding:0;margin:0;line-height:1}.elementor-widget-heading .elementor-heading-title[class*=elementor-size-]>a{color:inherit;font-size:inherit;line-height:inherit}.elementor-widget-heading .elementor-heading-title.elementor-size-small{font-size:15px}.elementor-widget-heading .elementor-heading-title.elementor-size-medium{font-size:19px}.elementor-widget-heading .elementor-heading-title.elementor-size-large{font-size:29px}.elementor-widget-heading .elementor-heading-title.elementor-size-xl{font-size:39px}.elementor-widget-heading .elementor-heading-title.elementor-size-xxl{font-size:59px}<\/style><h1 class=\"elementor-heading-title elementor-size-default\">Toimituksen palautus<\/h1>\t\t<\/div>\n\t\t\t\t<\/div>\n\t\t\t\t\t<\/div>\n\t\t<\/div>\n\t\t\t\t\t<\/div>\n\t\t<\/section>\n\t\t\t\t<section class=\"elementor-section elementor-top-section elementor-element elementor-element-6d19ce73 elementor-section-boxed elementor-section-height-default elementor-section-height-default\" data-id=\"6d19ce73\" data-element_type=\"section\" data-settings=\"{&quot;background_background&quot;:&quot;classic&quot;}\">\n\t\t\t\t\t\t<div class=\"elementor-container elementor-column-gap-default\">\n\t\t\t\t\t<div class=\"elementor-column elementor-col-100 elementor-top-column elementor-element elementor-element-57666144\" data-id=\"57666144\" data-element_type=\"column\">\n\t\t\t<div class=\"elementor-widget-wrap elementor-element-populated\">\n\t\t\t\t\t\t<div class=\"elementor-element elementor-element-5de19ed8 elementor-widget elementor-widget-text-editor\" data-id=\"5de19ed8\" data-element_type=\"widget\" data-widget_type=\"text-editor.default\">\n\t\t\t\t<div class=\"elementor-widget-container\">\n\t\t\t<style>\/*! elementor - v3.20.0 - 20-03-2024 *\/\n.elementor-widget-text-editor.elementor-drop-cap-view-stacked .elementor-drop-cap{background-color:#69727d;color:#fff}.elementor-widget-text-editor.elementor-drop-cap-view-framed .elementor-drop-cap{color:#69727d;border:3px solid;background-color:transparent}.elementor-widget-text-editor:not(.elementor-drop-cap-view-default) .elementor-drop-cap{margin-top:8px}.elementor-widget-text-editor:not(.elementor-drop-cap-view-default) .elementor-drop-cap-letter{width:1em;height:1em}.elementor-widget-text-editor .elementor-drop-cap{float:left;text-align:center;line-height:1;font-size:50px}.elementor-widget-text-editor .elementor-drop-cap-letter{display:inline-block}<\/style>\t\t\t\t\n<p>Tilauksen vastaanottamisen j\u00e4lkeen Asiakkaalla on oikeus peruuttaa verkkokaupassa solmittu sopimus 14 p\u00e4iv\u00e4n kuluessa.&nbsp;<\/p>\n\n\n\n<p>14 p\u00e4iv\u00e4n palautusoikeuden k\u00e4ytt\u00e4miseksi tilattua tuotetta ei saa k\u00e4ytt\u00e4\u00e4 muulla tavalla kuin on tarpeen tavaran luonteen, ominaisuuksien ja toiminnan todentamiseksi tavalla, joka on mahdollista tavaroiden fyysisess\u00e4 testauksessa.&nbsp;<\/p>\n\n\n\n<p>Jos tavaroita on k\u00e4ytetty muuhun tarkoitukseen kuin on tarpeen tavaran luonteen, ominaisuuksien ja toiminnan tarkistamiseksi tai jos niiss\u00e4 on k\u00e4yt\u00f6n tai kulumisen merkkej\u00e4, Verkkokaupalla on oikeus alentaa palautettavaa maksua alennuksen mukaisesti. tavaroiden arvossa.&nbsp;<\/p>\n\n\n\n<p>Tavaran palauttamiseksi sinun tulee j\u00e4tt\u00e4\u00e4 palauttamishakemus tavaran ostosta, ottaa yhteytt\u00e4 Pomello Eesti O\u00dc asiakaspalveluun l\u00e4hett\u00e4m\u00e4ll\u00e4 s\u00e4hk\u00f6postia osoitteeseen <a href=\"mailto:info@pomello.ee\">info@pomello.ee<\/a>. Saatuaan perustamisilmoituksen Pomello Eesti l\u00e4hett\u00e4\u00e4 asiakkaalle vahvistuksen peruuttamis ilmoituksen vastaanottamisesta.<\/p>\n\n\n\n<p>Tavaran palautus kustannukset maksaa asiakas, ellei palautuksen syy ole tilauksen vastainen tai romutettu tavara.<\/p>\n\n\n\n<p>Ostajan on palautettava tavara 14 p\u00e4iv\u00e4n kuluessa hakemuksen j\u00e4tt\u00e4misest\u00e4 tai todistettava, ett\u00e4 h\u00e4n on luovuttanut tavaran tavaran kuljettajalle edell\u00e4 mainitun ajan kuluessa.&nbsp;<\/p>\n\n\n\n<p>Palautetun tavaran saatuaan verkkokauppa palauttaa ostajalle v\u00e4litt\u00f6m\u00e4sti, mutta viimeist\u00e4\u00e4n 14 p\u00e4iv\u00e4n kuluessa peruutusilmoituksen vastaanottamisesta, kaikki ostajalta sopimuksen mukaiset maksut.&nbsp;<\/p>\n\n\n\n<p>Verkkokauppa voi kielt\u00e4yty\u00e4 palautuksesta ennen kuin sopimuksen kohteena oleva tuote on palautettu tai Asiakas on toimittanut todisteet l\u00e4hett\u00e4neens\u00e4 tuotteen takaisin sen mukaan, kumpi tapahtuu ensin.&nbsp;<\/p>\n\n\n\n<p>Mik\u00e4li Asiakas on valinnut muun toimitustavan kuin Verkkokaupan tarjoaman halvimman tavanomaisen toimitustavan, Verkkokaupan ei tarvitse palauttaa kuluttajalle kuluja, jotka ylitt\u00e4v\u00e4t tavanomaiseen toimintatapaan liittyv\u00e4t kulut.&nbsp;<\/p>\n\n\n\n<p>Pomello Eesti&nbsp; varaa oikeuden kielt\u00e4yty\u00e4 vastaanottamasta tilausta tai kielt\u00e4yty\u00e4 tilauksen toteuttamisesta esimerkiksi, mutta ei vain siin\u00e4 tapauksessa, ett\u00e4 hinnasto julkaistaan \u200b\u200bvirheen tai teknisen vian vuoksi.<\/p>\n\n\n\n<p>Rahat siirret\u00e4\u00e4n takaisin samalle k\u00e4ytt\u00f6tilille, jolta ne on vastaanotettu Pomello Eesti O\u00dc k\u00e4ytt\u00f6tilille.<\/p>\n\t\t\t\t\t\t<\/div>\n\t\t\t\t<\/div>\n\t\t\t\t\t<\/div>\n\t\t<\/div>\n\t\t\t\t\t<\/div>\n\t\t<\/section>\n\t\t\t\t<\/div>\n\t\t","protected":false},"excerpt":{"rendered":"<p>Toimituksen palautus Tilauksen vastaanottamisen j\u00e4lkeen Asiakkaalla on oikeus peruuttaa verkkokaupassa solmittu sopimus 14 p\u00e4iv\u00e4n kuluessa.&nbsp; 14 p\u00e4iv\u00e4n palautusoikeuden k\u00e4ytt\u00e4miseksi tilattua tuotetta ei saa k\u00e4ytt\u00e4\u00e4 muulla tavalla kuin on tarpeen tavaran luonteen, ominaisuuksien ja toiminnan todentamiseksi tavalla, joka on mahdollista tavaroiden fyysisess\u00e4 testauksessa.&nbsp; Jos tavaroita on k\u00e4ytetty muuhun tarkoitukseen kuin on tarpeen tavaran luonteen, ominaisuuksien ja&#8230;<\/p>\n","protected":false},"author":2,"featured_media":0,"parent":0,"menu_order":0,"comment_status":"closed","ping_status":"closed","template":"","meta":{"_monsterinsights_skip_tracking":false,"_monsterinsights_sitenote_active":false,"_monsterinsights_sitenote_note":"","_monsterinsights_sitenote_category":0,"footnotes":""},"class_list":["post-23049","page","type-page","status-publish","hentry"],"_links":{"self":[{"href":"https:\/\/prelive2.pomello.ee\/fi\/wp-json\/wp\/v2\/pages\/23049","targetHints":{"allow":["GET"]}}],"collection":[{"href":"https:\/\/prelive2.pomello.ee\/fi\/wp-json\/wp\/v2\/pages"}],"about":[{"href":"https:\/\/prelive2.pomello.ee\/fi\/wp-json\/wp\/v2\/types\/page"}],"author":[{"embeddable":true,"href":"https:\/\/prelive2.pomello.ee\/fi\/wp-json\/wp\/v2\/users\/2"}],"replies":[{"embeddable":true,"href":"https:\/\/prelive2.pomello.ee\/fi\/wp-json\/wp\/v2\/comments?post=23049"}],"version-history":[{"count":3,"href":"https:\/\/prelive2.pomello.ee\/fi\/wp-json\/wp\/v2\/pages\/23049\/revisions"}],"predecessor-version":[{"id":23052,"href":"https:\/\/prelive2.pomello.ee\/fi\/wp-json\/wp\/v2\/pages\/23049\/revisions\/23052"}],"wp:attachment":[{"href":"https:\/\/prelive2.pomello.ee\/fi\/wp-json\/wp\/v2\/media?parent=23049"}],"curies":[{"name":"wp","href":"https:\/\/api.w.org\/{rel}","templated":true}]}}