{"id":23044,"date":"2022-09-18T20:56:54","date_gmt":"2022-09-18T17:56:54","guid":{"rendered":"https:\/\/prelive2.pomello.ee\/toimitukset\/"},"modified":"2024-01-31T16:49:40","modified_gmt":"2024-01-31T13:49:40","slug":"toimitukset","status":"publish","type":"page","link":"https:\/\/prelive2.pomello.ee\/fi\/toimitukset\/","title":{"rendered":"Toimitukset"},"content":{"rendered":"\t\t<div data-elementor-type=\"wp-page\" data-elementor-id=\"23044\" class=\"elementor elementor-23044 elementor-14949\">\n\t\t\t\t\t\t<section class=\"elementor-section elementor-top-section elementor-element elementor-element-3a4b905 elementor-section-height-min-height elementor-section-items-bottom elementor-section-boxed elementor-section-height-default\" data-id=\"3a4b905\" data-element_type=\"section\" data-settings=\"{&quot;background_background&quot;:&quot;classic&quot;}\">\n\t\t\t\t\t\t<div class=\"elementor-container elementor-column-gap-default\">\n\t\t\t\t\t<div class=\"elementor-column elementor-col-100 elementor-top-column elementor-element elementor-element-1ae9a98\" data-id=\"1ae9a98\" data-element_type=\"column\">\n\t\t\t<div class=\"elementor-widget-wrap elementor-element-populated\">\n\t\t\t\t\t\t<div class=\"elementor-element elementor-element-8167a74 elementor-widget elementor-widget-heading\" data-id=\"8167a74\" data-element_type=\"widget\" data-widget_type=\"heading.default\">\n\t\t\t\t<div class=\"elementor-widget-container\">\n\t\t\t<style>\/*! elementor - v3.20.0 - 20-03-2024 *\/\n.elementor-heading-title{padding:0;margin:0;line-height:1}.elementor-widget-heading .elementor-heading-title[class*=elementor-size-]>a{color:inherit;font-size:inherit;line-height:inherit}.elementor-widget-heading .elementor-heading-title.elementor-size-small{font-size:15px}.elementor-widget-heading .elementor-heading-title.elementor-size-medium{font-size:19px}.elementor-widget-heading .elementor-heading-title.elementor-size-large{font-size:29px}.elementor-widget-heading .elementor-heading-title.elementor-size-xl{font-size:39px}.elementor-widget-heading .elementor-heading-title.elementor-size-xxl{font-size:59px}<\/style><h1 class=\"elementor-heading-title elementor-size-default\">Toimitukset<\/h1>\t\t<\/div>\n\t\t\t\t<\/div>\n\t\t\t\t\t<\/div>\n\t\t<\/div>\n\t\t\t\t\t<\/div>\n\t\t<\/section>\n\t\t\t\t<section class=\"elementor-section elementor-top-section elementor-element elementor-element-51b4010d elementor-section-boxed elementor-section-height-default elementor-section-height-default\" data-id=\"51b4010d\" data-element_type=\"section\" data-settings=\"{&quot;background_background&quot;:&quot;classic&quot;}\">\n\t\t\t\t\t\t<div class=\"elementor-container elementor-column-gap-default\">\n\t\t\t\t\t<div class=\"elementor-column elementor-col-100 elementor-top-column elementor-element elementor-element-4d0ccb23\" data-id=\"4d0ccb23\" data-element_type=\"column\">\n\t\t\t<div class=\"elementor-widget-wrap elementor-element-populated\">\n\t\t\t\t\t\t<div class=\"elementor-element elementor-element-3af577b3 elementor-widget elementor-widget-text-editor\" data-id=\"3af577b3\" data-element_type=\"widget\" data-widget_type=\"text-editor.default\">\n\t\t\t\t<div class=\"elementor-widget-container\">\n\t\t\t<style>\/*! elementor - v3.20.0 - 20-03-2024 *\/\n.elementor-widget-text-editor.elementor-drop-cap-view-stacked .elementor-drop-cap{background-color:#69727d;color:#fff}.elementor-widget-text-editor.elementor-drop-cap-view-framed .elementor-drop-cap{color:#69727d;border:3px solid;background-color:transparent}.elementor-widget-text-editor:not(.elementor-drop-cap-view-default) .elementor-drop-cap{margin-top:8px}.elementor-widget-text-editor:not(.elementor-drop-cap-view-default) .elementor-drop-cap-letter{width:1em;height:1em}.elementor-widget-text-editor .elementor-drop-cap{float:left;text-align:center;line-height:1;font-size:50px}.elementor-widget-text-editor .elementor-drop-cap-letter{display:inline-block}<\/style>\t\t\t\t<p><\/p>\n<h4><strong>ILMAINEN toimitus pakettiautomaattiin 250\u20ac ostoksesta alkaen.&nbsp;<\/strong><\/h4>\n<p><span style=\"color: var( --e-global-color-primary ); font-family: var( --e-global-typography-text-font-family ), Sans-serif; font-size: var( --e-global-typography-text-font-size ); font-weight: var( --e-global-typography-text-font-weight );\">Toimitamme tilaukset<\/span> <strong style=\"color: var( --e-global-color-primary ); font-family: var( --e-global-typography-text-font-family ), Sans-serif; font-size: var( --e-global-typography-text-font-size );\">3-5 arkip\u00e4iv\u00e4ss\u00e4.<\/strong><span style=\"color: var( --e-global-color-primary ); font-family: var( --e-global-typography-text-font-family ), Sans-serif; font-size: var( --e-global-typography-text-font-size ); font-weight: var( --e-global-typography-text-font-weight );\"> Viikonloppuisin ja pyh\u00e4p\u00e4ivin\u00e4 tehdyt tilaukset l\u00e4hetet\u00e4\u00e4n ensimm\u00e4isest\u00e4 ty\u00f6p\u00e4iv\u00e4st\u00e4 alkaen.  Toimitus saattaa viiv\u00e4sty\u00e4 kampanjoiden aikana!<\/span><\/p>\n<p><\/p>\n<p><\/p>\n<h4><strong>&nbsp;<\/strong><\/h4>\n<h4><strong>Itella (pakettiautomaatti)<\/strong><\/h4>\n<p><\/p>\n<p><\/p>\n<p>Hinta 10,99 \u20ac<\/p>\n<p><\/p>\n<p><\/p>\n<p>Kun paketti on saapunut kohde pakettiautomaattiin, l\u00e4hetet\u00e4\u00e4n tekstiviesti tilauksessa mainittuun matkapuhelimeen.<\/p>\n<p><\/p>\n<p><\/p>\n<p>&nbsp;Kun olet saanut tekstiviestin, mene koneelle ja sy\u00f6t\u00e4 tekstiviestiss\u00e4 oleva ovikoodi.<\/p>\n<p><\/p>\n<p><\/p>\n<p>Paketti tulee noutaa 7 p\u00e4iv\u00e4n sis\u00e4ll\u00e4 sen saapumisesta pakettiautomaattiin.<\/p>\n<p><\/p>\n<p><\/p>\n<p><a href=\"https:\/\/www.smartpost.ee\/pakiautomaatide-asukohad\" target=\"_blank\" rel=\"noopener\"><u>Itellan koneiden sijainnit ja aukioloajat https:\/\/itella.ee\/posti-pakiautomaadid-pakipunktid-ja-postkontorid-soomes\/<\/u><\/a><\/p>\n<p><\/p>\n<p><\/p>\n<p><a href=\"https:\/\/www.smartpost.ee\/pakkide-saatmine\/pakkide-liikumise-graafik\" target=\"_blank\" rel=\"noopener\"><u>Automaatide t\u00e4itmise kellaajad<\/u><\/a><\/p>\n<p><\/p>\n<p><\/p>\n<figure class=\"wp-block-image\"><img decoding=\"async\" src=\"https:\/\/lh5.googleusercontent.com\/4DwLf0Q4loY6QLmgao5me5FeCnR2l4lhnE1NSP0xNrDTKXIt7PRACjRVr2vgfov29e19bSZUmMsWZleZJqpxkLRGD7QJBljuiXDGvty0Vkq9dV9EOnz_QG-SS9n9HF5MzjyYbpTL8TbHKZjg-fK_n_sxH4hFfvPC4vXJmviV79XgNQLkR8dkcFiyog\" alt=\"\"><\/figure>\n<p><\/p>\n<p><\/p>\n<h4><strong>Omniva (pakettiautomaatti)<\/strong><\/h4>\n<p><\/p>\n<p><\/p>\n<p>Hinta 10,99 \u20ac&nbsp;<\/p>\n<p><\/p>\n<p><\/p>\n<p>Kun paketti on saapunut kohde pakettiautomaattiin, l\u00e4hetet\u00e4\u00e4n tekstiviesti tilauksessa mainittuun matkapuhelimeen. <\/p>\n<p><\/p>\n<p><\/p>\n<p>Kun olet saanut tekstiviestin, mene koneelle ja sy\u00f6t\u00e4 tekstiviestiss\u00e4 oleva ovikoodi.<\/p>\n<p><\/p>\n<p><\/p>\n<p>Paketti tulee noutaa 7 p\u00e4iv\u00e4n sis\u00e4ll\u00e4 sen saapumisesta pakettiautomaattiin.<\/p>\n<p><\/p>\n<p><\/p>\n<p><a href=\"https:\/\/www.omniva.ee\/abi\/kaart\" target=\"_blank\" rel=\"noopener\"><u>Itellan koneiden sijainnit ja aukioloajat https:\/\/itella.ee\/posti-pakiautomaadid-pakipunktid-ja-postkontorid-soomes\/<\/u><\/a><\/p>\n<p><\/p>\n<p><\/p>\n<figure class=\"wp-block-image\"><img decoding=\"async\" src=\"https:\/\/lh4.googleusercontent.com\/UXR-C0cuz9S2BDlP2HFyvRXwi23ehfF-R546PFodePgwYBMRmqEKeJumLcG8FolBJWlwS-T6Zx7-NhEqHxwwLnNNy5gl7cVxpcohCvvl09QQe1enNlW__u-Mm03SUung3zTL0oKW-RwfGYropCkqzpO4_hPcfCbj4hSmJejeuoR1MlXT9qmGh5DUhQ\" alt=\"\"><\/figure>\n<p><\/p>\n<p><\/p>\n<h4><strong>DPD<\/strong><\/h4>\n<p><\/p>\n<p><\/p>\n<p>Hinta 10,99 \u20ac&nbsp;<\/p>\n<p><\/p>\n<p><\/p>\n<p>Kui pakk on j\u00f5udnud sihtkohta, saadetakse tellimuses m\u00e4rgitud mobiiltelefonile SMS vajaliku infoga.<\/p>\n<p><\/p>\n<p><\/p>\n<p><a href=\"https:\/\/www.dpd.com\/ee\/et\/pakiautomaatide-nimekiri\/nimekiri\/\" target=\"_blank\" rel=\"noopener\"><u>Pickup punktide asukohad<\/u><\/a><\/p>\n<p><\/p>\n<p><\/p>\n<figure class=\"wp-block-image\"><span id=\"docs-internal-guid-c289c359-7fff-90c0-c9ea-cdc9f299e92d\"><span style=\"font-size: 10.5pt; font-family: Arial; color: #1c1c1c; background-color: transparent; font-variant-numeric: normal; font-variant-east-asian: normal; text-decoration-line: underline; text-decoration-skip-ink: none; vertical-align: baseline; white-space: pre-wrap;\"><span style=\"border: none; display: inline-block; overflow: hidden; width: 110px; height: 49px;\"><img decoding=\"async\" style=\"margin-left: 0px; margin-top: 0px;\" src=\"https:\/\/lh3.googleusercontent.com\/vUUBv60-ZU8ozVDYu2_RB11c7Ubm_Paulv9BoAyjcPo1L-cZgyfEL5WCArYURlcvJQ2amo7HjKJkAGoCCkjUuQm-aAZ2R0a9p12ktV4EXJV-VN-3M9-bbZ5SMnXSRHSBtkdjB4q3Zo1Kn2zo-ep2qn4iAim9lRdOVENFA5hbVx1zw0S-lc9dX6cYFg\" width=\"110\" height=\"49\" alt=\"\"><\/span><\/span><\/span><\/figure>\n<p><\/p>\t\t\t\t\t\t<\/div>\n\t\t\t\t<\/div>\n\t\t\t\t\t<\/div>\n\t\t<\/div>\n\t\t\t\t\t<\/div>\n\t\t<\/section>\n\t\t\t\t<\/div>\n\t\t","protected":false},"excerpt":{"rendered":"<p>Toimitukset ILMAINEN toimitus pakettiautomaattiin 250\u20ac ostoksesta alkaen.&nbsp; Toimitamme tilaukset 3-5 arkip\u00e4iv\u00e4ss\u00e4. Viikonloppuisin ja pyh\u00e4p\u00e4ivin\u00e4 tehdyt tilaukset l\u00e4hetet\u00e4\u00e4n ensimm\u00e4isest\u00e4 ty\u00f6p\u00e4iv\u00e4st\u00e4 alkaen. Toimitus saattaa viiv\u00e4sty\u00e4 kampanjoiden aikana! &nbsp; Itella (pakettiautomaatti) Hinta 10,99 \u20ac Kun paketti on saapunut kohde pakettiautomaattiin, l\u00e4hetet\u00e4\u00e4n tekstiviesti tilauksessa mainittuun matkapuhelimeen. &nbsp;Kun olet saanut tekstiviestin, mene koneelle ja sy\u00f6t\u00e4 tekstiviestiss\u00e4 oleva ovikoodi. Paketti tulee&#8230;<\/p>\n","protected":false},"author":2,"featured_media":0,"parent":0,"menu_order":0,"comment_status":"closed","ping_status":"closed","template":"","meta":{"_monsterinsights_skip_tracking":false,"_monsterinsights_sitenote_active":false,"_monsterinsights_sitenote_note":"","_monsterinsights_sitenote_category":0,"footnotes":""},"class_list":["post-23044","page","type-page","status-publish","hentry"],"_links":{"self":[{"href":"https:\/\/prelive2.pomello.ee\/fi\/wp-json\/wp\/v2\/pages\/23044","targetHints":{"allow":["GET"]}}],"collection":[{"href":"https:\/\/prelive2.pomello.ee\/fi\/wp-json\/wp\/v2\/pages"}],"about":[{"href":"https:\/\/prelive2.pomello.ee\/fi\/wp-json\/wp\/v2\/types\/page"}],"author":[{"embeddable":true,"href":"https:\/\/prelive2.pomello.ee\/fi\/wp-json\/wp\/v2\/users\/2"}],"replies":[{"embeddable":true,"href":"https:\/\/prelive2.pomello.ee\/fi\/wp-json\/wp\/v2\/comments?post=23044"}],"version-history":[{"count":1,"href":"https:\/\/prelive2.pomello.ee\/fi\/wp-json\/wp\/v2\/pages\/23044\/revisions"}],"predecessor-version":[{"id":23045,"href":"https:\/\/prelive2.pomello.ee\/fi\/wp-json\/wp\/v2\/pages\/23044\/revisions\/23045"}],"wp:attachment":[{"href":"https:\/\/prelive2.pomello.ee\/fi\/wp-json\/wp\/v2\/media?parent=23044"}],"curies":[{"name":"wp","href":"https:\/\/api.w.org\/{rel}","templated":true}]}}