{"id":23042,"date":"2022-09-18T20:33:53","date_gmt":"2022-09-18T17:33:53","guid":{"rendered":"https:\/\/prelive2.pomello.ee\/miksi-tulla-pomello-ee-asiakkaaksi\/"},"modified":"2024-01-31T16:40:26","modified_gmt":"2024-01-31T13:40:26","slug":"miksi-tulla-pomello-ee-asiakkaaksi","status":"publish","type":"page","link":"https:\/\/prelive2.pomello.ee\/fi\/miksi-tulla-pomello-ee-asiakkaaksi\/","title":{"rendered":"Miksi tulla Pomello.ee asiakkaaksi?"},"content":{"rendered":"\t\t<div data-elementor-type=\"wp-page\" data-elementor-id=\"23042\" class=\"elementor elementor-23042 elementor-14928\">\n\t\t\t\t\t\t<section class=\"elementor-section elementor-top-section elementor-element elementor-element-e6e1f27 elementor-section-height-min-height elementor-section-items-bottom elementor-section-boxed elementor-section-height-default\" data-id=\"e6e1f27\" data-element_type=\"section\" data-settings=\"{&quot;background_background&quot;:&quot;classic&quot;}\">\n\t\t\t\t\t\t<div class=\"elementor-container elementor-column-gap-default\">\n\t\t\t\t\t<div class=\"elementor-column elementor-col-100 elementor-top-column elementor-element elementor-element-c0c20d5\" data-id=\"c0c20d5\" data-element_type=\"column\">\n\t\t\t<div class=\"elementor-widget-wrap elementor-element-populated\">\n\t\t\t\t\t\t<div class=\"elementor-element elementor-element-d20ebfe elementor-widget elementor-widget-heading\" data-id=\"d20ebfe\" data-element_type=\"widget\" data-widget_type=\"heading.default\">\n\t\t\t\t<div class=\"elementor-widget-container\">\n\t\t\t<style>\/*! elementor - v3.20.0 - 20-03-2024 *\/\n.elementor-heading-title{padding:0;margin:0;line-height:1}.elementor-widget-heading .elementor-heading-title[class*=elementor-size-]>a{color:inherit;font-size:inherit;line-height:inherit}.elementor-widget-heading .elementor-heading-title.elementor-size-small{font-size:15px}.elementor-widget-heading .elementor-heading-title.elementor-size-medium{font-size:19px}.elementor-widget-heading .elementor-heading-title.elementor-size-large{font-size:29px}.elementor-widget-heading .elementor-heading-title.elementor-size-xl{font-size:39px}.elementor-widget-heading .elementor-heading-title.elementor-size-xxl{font-size:59px}<\/style><h1 class=\"elementor-heading-title elementor-size-default\">Miksi tulla Pomello.ee asiakkaaksi?<\/h1>\t\t<\/div>\n\t\t\t\t<\/div>\n\t\t\t\t\t<\/div>\n\t\t<\/div>\n\t\t\t\t\t<\/div>\n\t\t<\/section>\n\t\t\t\t<section class=\"elementor-section elementor-top-section elementor-element elementor-element-5890746e elementor-section-boxed elementor-section-height-default elementor-section-height-default\" data-id=\"5890746e\" data-element_type=\"section\" data-settings=\"{&quot;background_background&quot;:&quot;classic&quot;}\">\n\t\t\t\t\t\t<div class=\"elementor-container elementor-column-gap-default\">\n\t\t\t\t\t<div class=\"elementor-column elementor-col-100 elementor-top-column elementor-element elementor-element-21afdc9c\" data-id=\"21afdc9c\" data-element_type=\"column\">\n\t\t\t<div class=\"elementor-widget-wrap elementor-element-populated\">\n\t\t\t\t\t\t<div class=\"elementor-element elementor-element-ea5dafe elementor-widget elementor-widget-text-editor\" data-id=\"ea5dafe\" data-element_type=\"widget\" data-widget_type=\"text-editor.default\">\n\t\t\t\t<div class=\"elementor-widget-container\">\n\t\t\t<style>\/*! elementor - v3.20.0 - 20-03-2024 *\/\n.elementor-widget-text-editor.elementor-drop-cap-view-stacked .elementor-drop-cap{background-color:#69727d;color:#fff}.elementor-widget-text-editor.elementor-drop-cap-view-framed .elementor-drop-cap{color:#69727d;border:3px solid;background-color:transparent}.elementor-widget-text-editor:not(.elementor-drop-cap-view-default) .elementor-drop-cap{margin-top:8px}.elementor-widget-text-editor:not(.elementor-drop-cap-view-default) .elementor-drop-cap-letter{width:1em;height:1em}.elementor-widget-text-editor .elementor-drop-cap{float:left;text-align:center;line-height:1;font-size:50px}.elementor-widget-text-editor .elementor-drop-cap-letter{display:inline-block}<\/style>\t\t\t\t<p><span style=\"font-weight: 400;\">Verkkokauppa luotiin halusta tarjota kauneudenhoidon ammattilaisille laajempi valikoima ja parempia ty\u00f6kaluja. Koska verkkokaupan luoja on kauneudenhoidon asiantuntija, voimme tarjota asiakkaillemme huolella valittuja ty\u00f6kaluja ja tarvittaessa neuvoja tuotteiden valinnassa.  <\/span><\/p>\n<h5><span style=\"font-weight: 400;\"> <\/span><\/h5>\n<h4><b>HUOLELLISESTI VALITUT KAUNEUSTUOTTEET<\/b><\/h4>\n<p><span style=\"font-weight: 400;\">Edustamme eksklusiivisia ja laadukkaita br\u00e4ndej\u00e4 ja tarjoamme my\u00f6s tarvikkeita, jotka ovat v\u00e4ltt\u00e4m\u00e4tt\u00f6mi\u00e4 jokaiselle lash lift -mestarille ja kulmakarva teknikolle. <\/span><b><br \/><\/b><\/p>\n<h4><b>TESTATTU JA HYV\u00c4KSYTTY<\/b><\/h4>\n<p><span style=\"font-weight: 400;\">Myymme tuotteita, jotka ovat kauneudenhoidon ammattilaisten testaamia ja hyv\u00e4ksymi\u00e4. <\/span><b><br \/><\/b><\/p>\n<h4><b>VAHVA ASIAKASPALVELU<\/b><\/h4>\n<p><span style=\"font-weight: 400;\">Jos kamppailet itsep\u00e4isten ripsien kanssa tai et l\u00f6yd\u00e4 herk\u00e4lle kasvojen iholle sopivaa vahaa karvanpoistoon, Pomello.ee -verkkokaupasta l\u00f6yd\u00e4t sopivat tuotteet my\u00f6s vaativimmille asiakkaille. <br \/><\/span><span style=\"font-weight: 400;\">Jos haluat neuvotella kanssamme, kirjoita meille, niin etsit\u00e4\u00e4n yhdess\u00e4 sinulle parhaat tuotteet!<br \/><\/span><b><br \/><\/b><\/p>\n<h4><b>PIKATOIMITUS <\/b><\/h4>\n<p><span style=\"font-weight: 400;\">Tilaukset saapuvat asiakkaalle 3-5 arkip\u00e4iv\u00e4ss\u00e4. Tilaukset Euroopassa 5-7 arkip\u00e4iv\u00e4ss\u00e4. <br \/><\/span><b><br \/><\/b><\/p>\n<h4><b>ILMAINEN TOIMITUS<\/b><\/h4>\n<p><span style=\"font-weight: 400;\">Ilmainen toimitus pakettiautomaattiin 250\u20ac ostoksesta alkaen.<br \/><\/span><b><br \/><\/b><\/p>\n<h4><b>KANNATAMME KIERR\u00c4TYST\u00c4<\/b><\/h4>\n<p><span style=\"font-weight: 400;\">L\u00e4hetyksen yhteydess\u00e4 pakkaamme tilaukset ymp\u00e4rist\u00f6yst\u00e4v\u00e4llisiin kierr\u00e4tys pakkauksiin ja l\u00e4het\u00e4mme laskut s\u00e4hk\u00f6postitse.<\/span><\/p>\n\t\t\t\t\t\t<\/div>\n\t\t\t\t<\/div>\n\t\t\t\t\t<\/div>\n\t\t<\/div>\n\t\t\t\t\t<\/div>\n\t\t<\/section>\n\t\t\t\t<\/div>\n\t\t","protected":false},"excerpt":{"rendered":"<p>Miksi tulla Pomello.ee asiakkaaksi? Verkkokauppa luotiin halusta tarjota kauneudenhoidon ammattilaisille laajempi valikoima ja parempia ty\u00f6kaluja. Koska verkkokaupan luoja on kauneudenhoidon asiantuntija, voimme tarjota asiakkaillemme huolella valittuja ty\u00f6kaluja ja tarvittaessa neuvoja tuotteiden valinnassa. HUOLELLISESTI VALITUT KAUNEUSTUOTTEET Edustamme eksklusiivisia ja laadukkaita br\u00e4ndej\u00e4 ja tarjoamme my\u00f6s tarvikkeita, jotka ovat v\u00e4ltt\u00e4m\u00e4tt\u00f6mi\u00e4 jokaiselle lash lift -mestarille ja kulmakarva teknikolle. TESTATTU&#8230;<\/p>\n","protected":false},"author":2,"featured_media":0,"parent":0,"menu_order":0,"comment_status":"closed","ping_status":"closed","template":"","meta":{"_monsterinsights_skip_tracking":false,"_monsterinsights_sitenote_active":false,"_monsterinsights_sitenote_note":"","_monsterinsights_sitenote_category":0,"footnotes":""},"class_list":["post-23042","page","type-page","status-publish","hentry"],"_links":{"self":[{"href":"https:\/\/prelive2.pomello.ee\/fi\/wp-json\/wp\/v2\/pages\/23042","targetHints":{"allow":["GET"]}}],"collection":[{"href":"https:\/\/prelive2.pomello.ee\/fi\/wp-json\/wp\/v2\/pages"}],"about":[{"href":"https:\/\/prelive2.pomello.ee\/fi\/wp-json\/wp\/v2\/types\/page"}],"author":[{"embeddable":true,"href":"https:\/\/prelive2.pomello.ee\/fi\/wp-json\/wp\/v2\/users\/2"}],"replies":[{"embeddable":true,"href":"https:\/\/prelive2.pomello.ee\/fi\/wp-json\/wp\/v2\/comments?post=23042"}],"version-history":[{"count":1,"href":"https:\/\/prelive2.pomello.ee\/fi\/wp-json\/wp\/v2\/pages\/23042\/revisions"}],"predecessor-version":[{"id":23043,"href":"https:\/\/prelive2.pomello.ee\/fi\/wp-json\/wp\/v2\/pages\/23042\/revisions\/23043"}],"wp:attachment":[{"href":"https:\/\/prelive2.pomello.ee\/fi\/wp-json\/wp\/v2\/media?parent=23042"}],"curies":[{"name":"wp","href":"https:\/\/api.w.org\/{rel}","templated":true}]}}