{"id":25347,"date":"2024-03-23T12:29:36","date_gmt":"2024-03-23T09:29:36","guid":{"rendered":"https:\/\/prelive2.pomello.ee\/toode\/nikk-mole-mousse-shampoo-bergamot\/"},"modified":"2024-03-23T12:29:36","modified_gmt":"2024-03-23T09:29:36","slug":"nikk-mole-mousse-shampoo-bergamot","status":"publish","type":"product","link":"https:\/\/prelive2.pomello.ee\/en\/toode\/nikk-mole-mousse-shampoo-bergamot\/","title":{"rendered":"NIKK MOLE Mousse Shampoo Bergamot"},"content":{"rendered":"<p><strong>NIKK MOLE Mousse Shampoo Bergamot cleansing foam offers a rich combination of natural ingredients that support and pamper your skin:<\/strong><\/p>\n<p>&nbsp;<\/p>\n<p>&#8211; Rosemary extract: Tones the skin and evens out its color.<br \/>\n&#8211; Bergamot essential oil: Normalizes sebum production and narrows pores.<br \/>\n&#8211; Ylang-ylang hydrolate: Soothes the skin and activates cell regeneration processes.<br \/>\n&#8211; Natural betaine: Actively moisturizes and soothes the skin.<br \/>\n&#8211; Provitamin B5: Protects the skin and promotes the regeneration of skin cells.<\/p>\n<p>&nbsp;<\/p>\n<p><strong>Kasutusviis<\/strong>: Kanna v\u00e4ike kogus vahu\u0161ampooni soovitud piirkonnale ja jaota \u00f5rnalt ringjate liigutustega. When using on eyebrows or eyelashes, remove the shampoo with a damp cotton pad. When applied to the face, massage the required amount of foam into damp skin in the morning and\/or evening. Rinse thoroughly with water.<\/p>\n<p>&nbsp;<\/p>\n<p>Precautions: Avoid contact with eyes. In case of possible individual intolerance, stop using. Keep out of the reach of children and animals at a temperature of +5 \u00b0C to +22 \u00b0C. Shelf life 18 months.<\/p>\n","protected":false},"excerpt":{"rendered":"<p>NIKK MOLE Mousse Shampoo Bergamot cleansing foam &#8211; a gentle and airy beauty ritual that pampers your facial skin. This gentle cleanser is specially formulated before beauty treatments or at the end of the day to remove make-up and impurities, leaving skin fresh and radiant. In addition, it is also perfect for cleaning natural eyelashes and eyebrows before dyeing them or the lamination procedure.<\/p>\n<p>&nbsp;<\/p>\n<p>Size: 100 ml<\/p>\n","protected":false},"featured_media":24835,"comment_status":"open","ping_status":"closed","template":"","meta":{"_monsterinsights_skip_tracking":false,"_monsterinsights_sitenote_active":false,"_monsterinsights_sitenote_note":"","_monsterinsights_sitenote_category":0},"product_cat":[463,505,462,503,910,911],"product_tag":[],"class_list":{"0":"post-25347","1":"product","2":"type-product","3":"status-publish","4":"has-post-thumbnail","6":"product_cat-brows-en","7":"product_cat-cleaning-products","8":"product_cat-lashes-en","9":"product_cat-aftercare","10":"product_cat-pre-and-post-care","11":"product_cat-eelhooldus-en","12":"pa_brand-nikk-mole-en","13":"pa_suurus-100-ml-en","15":"first","16":"instock","17":"taxable","18":"shipping-taxable","19":"purchasable","20":"product-type-simple"},"_links":{"self":[{"href":"https:\/\/prelive2.pomello.ee\/en\/wp-json\/wp\/v2\/product\/25347","targetHints":{"allow":["GET"]}}],"collection":[{"href":"https:\/\/prelive2.pomello.ee\/en\/wp-json\/wp\/v2\/product"}],"about":[{"href":"https:\/\/prelive2.pomello.ee\/en\/wp-json\/wp\/v2\/types\/product"}],"replies":[{"embeddable":true,"href":"https:\/\/prelive2.pomello.ee\/en\/wp-json\/wp\/v2\/comments?post=25347"}],"version-history":[{"count":0,"href":"https:\/\/prelive2.pomello.ee\/en\/wp-json\/wp\/v2\/product\/25347\/revisions"}],"wp:featuredmedia":[{"embeddable":true,"href":"https:\/\/prelive2.pomello.ee\/en\/wp-json\/wp\/v2\/media\/24835"}],"wp:attachment":[{"href":"https:\/\/prelive2.pomello.ee\/en\/wp-json\/wp\/v2\/media?parent=25347"}],"wp:term":[{"taxonomy":"product_cat","embeddable":true,"href":"https:\/\/prelive2.pomello.ee\/en\/wp-json\/wp\/v2\/product_cat?post=25347"},{"taxonomy":"product_tag","embeddable":true,"href":"https:\/\/prelive2.pomello.ee\/en\/wp-json\/wp\/v2\/product_tag?post=25347"}],"curies":[{"name":"wp","href":"https:\/\/api.w.org\/{rel}","templated":true}]}}