{"id":23938,"date":"2023-11-11T14:53:11","date_gmt":"2023-11-11T11:53:11","guid":{"rendered":"https:\/\/prelive2.pomello.ee\/toode\/my-lamination-lash-lift-kit\/"},"modified":"2023-11-11T14:53:11","modified_gmt":"2023-11-11T11:53:11","slug":"my-lamination-lash-lift-kit","status":"publish","type":"product","link":"https:\/\/prelive2.pomello.ee\/en\/toode\/my-lamination-lash-lift-kit\/","title":{"rendered":"My Lamination Lash Lift Kit"},"content":{"rendered":"<p><strong>My Lamination Lash Lift Kit<\/strong><\/p>\n<p>&nbsp;<\/p>\n<p>LIFTING CREAM (STEP 1):<br \/>\nMy Lamination Lifting Cream is intended for the first stage of the lash lift procedure. My Lamination Lifting Cream is the first step of the lash lift treatment. The product gives lashes a new shape. The composition softens the eyelashes, opens the scales, gently penetrates the inside of the hair and thereby prepares the eyelashes for the second stage. The cream has a soft texture and has a pleasant floral fragrance.<\/p>\n<p>Effect time 7-12 minutes, depending on the type of natural eyelashes, etc.<\/p>\n<p>&nbsp;<\/p>\n<p>NEUTRALIZING CREAM (STEP 2): My Lamination Neutralizing Cream is the 2nd step after the lash lift procedure.<br \/>\n  The cream binds together the broken bonds and confirms the new shape of the eyelashes.<\/p>\n<p>Effect time 5-8 minutes, depending on the type of natural eyelashes, etc.<\/p>\n<p>&nbsp;<\/p>\n<p>MOISTURIZING SERUM (STEP 3): Moisturizing serum+ is step 3 of Lash Lift 3. This powerful serum has two functions, it closes cuticles and removes residues. The active ingredients ensure the hydration of the eyelashes after the chemical procedure.<\/p>\n<p>Serum enriched with 9 functional ingredients:<\/p>\n<p>&nbsp;<\/p>\n<p>\u2013 H\u00fcdrol\u00fc\u00fcsitud keratiin<br \/>\n\u2013 Hydrolyzed silk<br \/>\n\u2013 Panthenol<br \/>\n\u2013 Hydrogenated castor oil<br \/>\n\u2013 Wild Cassia flower extract<br \/>\n\u2013 Aloe extract<br \/>\n\u2013 Glycerin<br \/>\n\u2013 Stinging nettle leaf extract<br \/>\n\u2013 collagen<\/p>\n<p>Duration of effect 5 minutes.<\/p>\n<p>&nbsp;<\/p>\n<p>How to use: Don&#8217;t forget to use the knowledge about methods and timings learned in the training.<\/p>\n<p>&nbsp;<\/p>\n<p>Store at room temperature, in a place protected from sunlight, with the package tightly closed.<\/p>\n<p>&nbsp;<\/p>\n<p>FOR PROFESSIONAL USE ONLY<\/p>\n","protected":false},"excerpt":{"rendered":"<p>My Lamination Lash lift kit a trio of lash lift emulsions. The kit contains all necessary emulsions for eyelash curling procedures.<\/p>\n<p>&nbsp;<\/p>\n<p>The set contains 6-8 eyelashes for the lash lift procedure.<\/p>\n<p>&nbsp;<\/p>\n<div class=\"markdown prose w-full break-words dark:prose-invert light\">\n<p>Made in Italy.<\/p>\n<p>&nbsp;<\/p>\n<p>Size: 1.5 ml in sachets<\/p>\n<p>&nbsp;<\/p>\n<p>Quantity: 3 x 1.5 ml sachets (1x Lifting Cream+, 1x Neutralising Cream+, 1x Hydrating Serum+)<\/p>\n<\/div>\n","protected":false},"featured_media":21612,"comment_status":"open","ping_status":"closed","template":"","meta":{"_monsterinsights_skip_tracking":false,"_monsterinsights_sitenote_active":false,"_monsterinsights_sitenote_note":"","_monsterinsights_sitenote_category":0},"product_cat":[502,501,462],"product_tag":[],"class_list":{"0":"post-23938","1":"product","2":"type-product","3":"status-publish","4":"has-post-thumbnail","6":"product_cat-emulsions","7":"product_cat-lash-lift-en","8":"product_cat-lashes-en","9":"pa_brand-my-lamination-en","11":"first","12":"instock","13":"taxable","14":"shipping-taxable","15":"purchasable","16":"product-type-simple"},"_links":{"self":[{"href":"https:\/\/prelive2.pomello.ee\/en\/wp-json\/wp\/v2\/product\/23938","targetHints":{"allow":["GET"]}}],"collection":[{"href":"https:\/\/prelive2.pomello.ee\/en\/wp-json\/wp\/v2\/product"}],"about":[{"href":"https:\/\/prelive2.pomello.ee\/en\/wp-json\/wp\/v2\/types\/product"}],"replies":[{"embeddable":true,"href":"https:\/\/prelive2.pomello.ee\/en\/wp-json\/wp\/v2\/comments?post=23938"}],"version-history":[{"count":0,"href":"https:\/\/prelive2.pomello.ee\/en\/wp-json\/wp\/v2\/product\/23938\/revisions"}],"wp:featuredmedia":[{"embeddable":true,"href":"https:\/\/prelive2.pomello.ee\/en\/wp-json\/wp\/v2\/media\/21612"}],"wp:attachment":[{"href":"https:\/\/prelive2.pomello.ee\/en\/wp-json\/wp\/v2\/media?parent=23938"}],"wp:term":[{"taxonomy":"product_cat","embeddable":true,"href":"https:\/\/prelive2.pomello.ee\/en\/wp-json\/wp\/v2\/product_cat?post=23938"},{"taxonomy":"product_tag","embeddable":true,"href":"https:\/\/prelive2.pomello.ee\/en\/wp-json\/wp\/v2\/product_tag?post=23938"}],"curies":[{"name":"wp","href":"https:\/\/api.w.org\/{rel}","templated":true}]}}