{"id":19417,"date":"2023-09-26T23:18:57","date_gmt":"2023-09-26T20:18:57","guid":{"rendered":"https:\/\/prelive2.pomello.ee\/?post_type=product&#038;p=19417"},"modified":"2024-03-20T01:04:28","modified_gmt":"2024-03-19T22:04:28","slug":"kulmude-keemiline-varvimine-iseendale","status":"publish","type":"product","link":"https:\/\/prelive2.pomello.ee\/en\/toode\/kulmude-keemiline-varvimine-iseendale\/","title":{"rendered":"Kulmude keemiline v\u00e4rvimine iseendale"},"content":{"rendered":"<h3><strong>Koolituse \u00f5ppekava<\/strong><\/h3>\n<header class=\"section__headings section__headings___3aefe\">\n<p class=\"section__subheading\">Kulmude keemiline v\u00e4rvimine iseendale<\/p>\n<\/header>\n<div class=\"course-curriculum__content section__content\">\n<div class=\"course-curriculum__chapter-container \">\n<ol class=\"course-curriculum__chapter-list section__body\">\n<li class=\"course-curriculum__chapter course-curriculum__chapter--collapsed \">\n<div class=\"course-curriculum__chapter-content-wrapper \">\n<p class=\"course-curriculum__chapter-title\"><strong>TERVITUS<\/strong><i class=\"course-curriculum__chapter-collapse\" aria-hidden=\"true\"><\/i><\/p>\n<ul id=\"chapter-1\" class=\" course-curriculum__chapter-content course-curriculum__chapter-content--collapsed\" type=\"a\">\n<li>\n<div class=\"course-curriculum__lesson-title\">\n<p>Kulmude keemiline v\u00e4rvimine iseendale<\/p>\n<\/div>\n<\/li>\n<li>\n<div class=\"course-curriculum__lesson-title\">\n<p>Kulmude keemiline v\u00e4rvimine iseendale<\/p>\n<\/div>\n<\/li>\n<li>\n<div class=\"course-curriculum__lesson-title\">\n<p>Kulmude keemiline v\u00e4rvimine iseendale<\/p>\n<\/div>\n<\/li>\n<li>\n<div class=\"course-curriculum__lesson-title\">\n<p>Sissejuhatus<\/p>\n<\/div>\n<\/li>\n<\/ul>\n<\/div>\n<\/li>\n<li class=\"course-curriculum__chapter course-curriculum__chapter--collapsed \">\n<div class=\"course-curriculum__chapter-content-wrapper \">\n<p class=\"course-curriculum__chapter-title\"><strong>KEEMILINE V\u00c4RVIMINE JA KUJU LOOMINE<\/strong><i class=\"course-curriculum__chapter-collapse\" aria-hidden=\"true\"><\/i><\/p>\n<ul id=\"chapter-2\" class=\" course-curriculum__chapter-content course-curriculum__chapter-content--collapsed\" type=\"a\">\n<li>\n<div class=\"course-curriculum__lesson-title\">\n<p>Keemiline v\u00e4rvimine ja kulmukuju m\u00e4\u00e4ratlemine<\/p>\n<\/div>\n<\/li>\n<li>\n<div class=\"course-curriculum__lesson-title\">\n<p>Mis on keemiline v\u00e4rvimine?<\/p>\n<\/div>\n<\/li>\n<li>\n<div class=\"course-curriculum__lesson-title\">\n<p>Keemilise v\u00e4rvimise eelised<\/p>\n<\/div>\n<\/li>\n<li>\n<div class=\"course-curriculum__lesson-title\">\n<p>Kuidas m\u00e4\u00e4ratleda kulmu?<\/p>\n<\/div>\n<\/li>\n<li>\n<div class=\"course-curriculum__lesson-title\">\n<p>Kuldne reegel<\/p>\n<\/div>\n<\/li>\n<li>\n<div class=\"course-curriculum__lesson-title\">\n<p>Kulmupea karvad<\/p>\n<\/div>\n<\/li>\n<\/ul>\n<\/div>\n<\/li>\n<li class=\"course-curriculum__chapter course-curriculum__chapter--collapsed \">\n<div class=\"course-curriculum__chapter-content-wrapper \">\n<p class=\"course-curriculum__chapter-title\"><strong>VAJALIKUD TOOTED<\/strong><i class=\"course-curriculum__chapter-collapse\" aria-hidden=\"true\"><\/i><\/p>\n<ul id=\"chapter-3\" class=\" course-curriculum__chapter-content course-curriculum__chapter-content--collapsed\" type=\"a\">\n<li>\n<div class=\"course-curriculum__lesson-title\">\n<p>Mida vajame kulmuhoolduse teostamiseks?<\/p>\n<\/div>\n<\/li>\n<li>\n<div class=\"course-curriculum__lesson-title\">\n<p>Toodete nimekiri<\/p>\n<\/div>\n<\/li>\n<li>\n<div class=\"course-curriculum__lesson-title\">\n<p>Toodete nimekiri<\/p>\n<\/div>\n<\/li>\n<li>\n<div class=\"course-curriculum__lesson-title\">\n<p>Toodete soetamine<\/p>\n<\/div>\n<\/li>\n<li>\n<div class=\"course-curriculum__lesson-title\">\n<p>M\u00f5\u00f5distamiseks vajalikud tooted<\/p>\n<\/div>\n<\/li>\n<li>\n<div class=\"course-curriculum__lesson-title\">\n<p>Kulmuv\u00e4rv Apraise<\/p>\n<\/div>\n<\/li>\n<li>\n<div class=\"course-curriculum__lesson-title\">\n<p>Kulmuv\u00e4rv ELAN<\/p>\n<\/div>\n<\/li>\n<li>\n<div class=\"course-curriculum__lesson-title\">\n<p>Kulmuv\u00e4rv NOEMI<\/p>\n<\/div>\n<\/li>\n<li>\n<div class=\"course-curriculum__lesson-title\">\n<p>Tarvikud<\/p>\n<\/div>\n<\/li>\n<li>\n<div class=\"course-curriculum__lesson-title\">\n<p>Pesuvaht<\/p>\n<\/div>\n<\/li>\n<\/ul>\n<\/div>\n<\/li>\n<li class=\"course-curriculum__chapter course-curriculum__chapter--collapsed \">\n<div class=\"course-curriculum__chapter-content-wrapper \">\n<p class=\"course-curriculum__chapter-title\"><strong>KULMUV\u00c4RVI TOONID<\/strong><i class=\"course-curriculum__chapter-collapse\" aria-hidden=\"true\"><\/i><\/p>\n<ul id=\"chapter-4\" class=\" course-curriculum__chapter-content course-curriculum__chapter-content--collapsed\" type=\"a\">\n<li>\n<div class=\"course-curriculum__lesson-title\">\n<p>Milline toon valida?<\/p>\n<\/div>\n<\/li>\n<li>\n<div class=\"course-curriculum__lesson-title\">\n<p>V\u00e4rvitoonide erip\u00e4rad<\/p>\n<\/div>\n<\/li>\n<li>\n<div class=\"course-curriculum__lesson-title\">\n<p>Segamissuhe<\/p>\n<\/div>\n<\/li>\n<li>\n<div class=\"course-curriculum__lesson-title\">\n<p>Milline v\u00e4rv valida allergilisele nahale?<\/p>\n<\/div>\n<\/li>\n<li>\n<div class=\"course-curriculum__lesson-title\">\n<p>V\u00e4rvieemaldaja<\/p>\n<\/div>\n<\/li>\n<\/ul>\n<\/div>\n<\/li>\n<li class=\"course-curriculum__chapter course-curriculum__chapter--collapsed \">\n<div class=\"course-curriculum__chapter-content-wrapper \">\n<p class=\"course-curriculum__chapter-title\"><strong>M\u00d5\u00d5DISTAMINE<\/strong><i class=\"course-curriculum__chapter-collapse\" aria-hidden=\"true\"><\/i><\/p>\n<ul id=\"chapter-5\" class=\" course-curriculum__chapter-content course-curriculum__chapter-content--collapsed\" type=\"a\">\n<li>\n<div class=\"course-curriculum__lesson-title\">\n<p>Kuidas m\u00f5\u00f5distada kulme iseenedal?<\/p>\n<\/div>\n<\/li>\n<li>\n<div class=\"course-curriculum__lesson-title\">\n<p>Kuldl\u00f5ige<\/p>\n<\/div>\n<\/li>\n<li>\n<div class=\"course-curriculum__lesson-title\">\n<p>M\u00f5\u00f5distamine niidi abil<\/p>\n<\/div>\n<\/li>\n<\/ul>\n<\/div>\n<\/li>\n<li class=\"course-curriculum__chapter course-curriculum__chapter--collapsed \">\n<div class=\"course-curriculum__chapter-content-wrapper \">\n<p class=\"course-curriculum__chapter-title\"><strong>KULMUV\u00c4RVIMISE SAMMUD<\/strong><i class=\"course-curriculum__chapter-collapse\" aria-hidden=\"true\"><\/i><\/p>\n<ul id=\"chapter-6\" class=\" course-curriculum__chapter-content course-curriculum__chapter-content--collapsed\" type=\"a\">\n<li>\n<div class=\"course-curriculum__lesson-title\">\n<p>Protseduuri l\u00e4biviimise sammud<\/p>\n<\/div>\n<\/li>\n<li>\n<div class=\"course-curriculum__lesson-title\">\n<p>Samm-sammult juhend<\/p>\n<\/div>\n<\/li>\n<li>\n<div class=\"course-curriculum__lesson-title\">\n<p>Samm-sammult juhend<\/p>\n<\/div>\n<\/li>\n<li>\n<div class=\"course-curriculum__lesson-title\">\n<p>Samm-sammult juhend<\/p>\n<\/div>\n<\/li>\n<li>\n<div class=\"course-curriculum__lesson-title\">\n<p>Pintsettidega viimistlemine<\/p>\n<\/div>\n<\/li>\n<li>\n<div class=\"course-curriculum__lesson-title\">\n<p>Kuidas iseendal kulme v\u00e4rvida &#8211; Kuula h\u00e4\u00e4lega<\/p>\n<\/div>\n<\/li>\n<li>\n<div class=\"course-curriculum__lesson-title\">\n<p>Kulmumeik<\/p>\n<\/div>\n<\/li>\n<li>\n<div class=\"course-curriculum__lesson-title\">\n<p>Tagasiside<\/p>\n<\/div>\n<\/li>\n<\/ul>\n<\/div>\n<\/li>\n<\/ol>\n<\/div>\n<\/div>\n","protected":false},"excerpt":{"rendered":"<div class=\"group w-full text-token-text-primary border-b border-black\/10 gizmo:border-0 dark:border-gray-900\/50 gizmo:dark:border-0 bg-gray-50 gizmo:bg-transparent dark:bg-[#444654] gizmo:dark:bg-transparent\" data-testid=\"conversation-turn-7\">\n<div class=\"p-4 justify-center text-base md:gap-6 md:py-6 m-auto\">\n<div class=\"flex flex-1 gap-4 text-base mx-auto md:gap-6 md:max-w-2xl lg:max-w-[38rem] xl:max-w-3xl }\">\n<div class=\"relative flex w-[calc(100%-50px)] flex-col gap-1 md:gap-3 lg:w-[calc(100%-115px)]\">\n<div class=\"flex flex-grow flex-col gap-3 max-w-full\">\n<div class=\"min-h-[20px] flex flex-col items-start gap-3 overflow-x-auto whitespace-pre-wrap break-words\">\n<div class=\"markdown prose w-full break-words dark:prose-invert light\">\n<p>Mini-koolitus teemal &#8220;Kulmude keemiline v\u00e4rvimine iseendale&#8221;<\/p>\n<\/div>\n<\/div>\n<\/div>\n<\/div>\n<\/div>\n<\/div>\n<\/div>\n<p>&nbsp;<\/p>\n<p>Soovid saavutada t\u00e4iuslikke kulme ilma ilusalongi k\u00fclastamata? Tutvustame sulle meie p\u00f5nevat koolitust, mis \u00f5petab sind kunstiliselt ja professionaalselt kulme v\u00e4rvima. Meie koolituse k\u00e4igus saad kogemuse ja teadmised, kuidas leida just endale sobiv kulmutoon ning kuidas seda kodus lihtsalt ja tulemuslikult kasutada.<\/p>\n<p>&nbsp;<\/p>\n<p>Mini-koolitus on m\u00f5eldud neile, kes soovivad omandada oskusi ja teadmisi kulmude v\u00e4rvimiseks, et lihtsalt ja mugavalt luua kauneid kulme oma igap\u00e4evase ilurutiini osana.<\/p>\n<p>&nbsp;<\/p>\n<p>Veebikoolitust on v\u00f5imalik l\u00e4bida \u00f5pilasel igal ajal. Kui soetate koolituse siis peale ostu sooritamist edastatakse teile veebileht kuhu p\u00e4\u00e4sete sisse spetsiaalselt \u00f5pilasele loodud kontoga ning saate alustada veebikoolituse l\u00e4bimist. Rohkem infot koolituskeskkonna kohta leiab\u00a0<strong><a href=\"https:\/\/kristina-s-site-3ec6.thinkific.com\/\">siit<\/a><\/strong><\/p>\n","protected":false},"featured_media":19418,"comment_status":"open","ping_status":"closed","template":"","meta":{"_monsterinsights_skip_tracking":false,"_monsterinsights_sitenote_active":false,"_monsterinsights_sitenote_note":"","_monsterinsights_sitenote_category":0},"product_cat":[228],"product_tag":[],"class_list":{"0":"post-19417","1":"product","2":"type-product","3":"status-publish","4":"has-post-thumbnail","6":"product_cat-koolitused","8":"first","9":"instock","10":"virtual","11":"taxable","12":"purchasable","13":"product-type-simple"},"_links":{"self":[{"href":"https:\/\/prelive2.pomello.ee\/en\/wp-json\/wp\/v2\/product\/19417","targetHints":{"allow":["GET"]}}],"collection":[{"href":"https:\/\/prelive2.pomello.ee\/en\/wp-json\/wp\/v2\/product"}],"about":[{"href":"https:\/\/prelive2.pomello.ee\/en\/wp-json\/wp\/v2\/types\/product"}],"replies":[{"embeddable":true,"href":"https:\/\/prelive2.pomello.ee\/en\/wp-json\/wp\/v2\/comments?post=19417"}],"version-history":[{"count":3,"href":"https:\/\/prelive2.pomello.ee\/en\/wp-json\/wp\/v2\/product\/19417\/revisions"}],"predecessor-version":[{"id":19423,"href":"https:\/\/prelive2.pomello.ee\/en\/wp-json\/wp\/v2\/product\/19417\/revisions\/19423"}],"wp:featuredmedia":[{"embeddable":true,"href":"https:\/\/prelive2.pomello.ee\/en\/wp-json\/wp\/v2\/media\/19418"}],"wp:attachment":[{"href":"https:\/\/prelive2.pomello.ee\/en\/wp-json\/wp\/v2\/media?parent=19417"}],"wp:term":[{"taxonomy":"product_cat","embeddable":true,"href":"https:\/\/prelive2.pomello.ee\/en\/wp-json\/wp\/v2\/product_cat?post=19417"},{"taxonomy":"product_tag","embeddable":true,"href":"https:\/\/prelive2.pomello.ee\/en\/wp-json\/wp\/v2\/product_tag?post=19417"}],"curies":[{"name":"wp","href":"https:\/\/api.w.org\/{rel}","templated":true}]}}