{"id":15223,"date":"2022-10-09T19:50:05","date_gmt":"2022-10-09T16:50:05","guid":{"rendered":"https:\/\/prelive2.pomello.ee\/?post_type=product&#038;p=15223"},"modified":"2024-03-20T01:23:36","modified_gmt":"2024-03-19T22:23:36","slug":"lash-lifti-koolitus-koos-kulmude-lamineerimisega","status":"publish","type":"product","link":"https:\/\/prelive2.pomello.ee\/en\/toode\/lash-lifti-koolitus-koos-kulmude-lamineerimisega\/","title":{"rendered":"Lash Lifti koolitus koos kulmude lamineerimisega"},"content":{"rendered":"\t\t<div data-elementor-type=\"product-post\" data-elementor-id=\"15223\" class=\"elementor elementor-15223\">\n\t\t\t\t\t\t<section class=\"elementor-section elementor-top-section elementor-element elementor-element-415e2f8b elementor-section-boxed elementor-section-height-default elementor-section-height-default\" data-id=\"415e2f8b\" data-element_type=\"section\">\n\t\t\t\t\t\t<div class=\"elementor-container elementor-column-gap-default\">\n\t\t\t\t\t<div class=\"elementor-column elementor-col-100 elementor-top-column elementor-element elementor-element-1e706ad7\" data-id=\"1e706ad7\" data-element_type=\"column\">\n\t\t\t<div class=\"elementor-widget-wrap elementor-element-populated\">\n\t\t\t\t\t\t<div class=\"elementor-element elementor-element-6eafadd2 elementor-widget elementor-widget-text-editor\" data-id=\"6eafadd2\" data-element_type=\"widget\" data-widget_type=\"text-editor.default\">\n\t\t\t\t<div class=\"elementor-widget-container\">\n\t\t\t<style>\/*! elementor - v3.20.0 - 20-03-2024 *\/\n.elementor-widget-text-editor.elementor-drop-cap-view-stacked .elementor-drop-cap{background-color:#69727d;color:#fff}.elementor-widget-text-editor.elementor-drop-cap-view-framed .elementor-drop-cap{color:#69727d;border:3px solid;background-color:transparent}.elementor-widget-text-editor:not(.elementor-drop-cap-view-default) .elementor-drop-cap{margin-top:8px}.elementor-widget-text-editor:not(.elementor-drop-cap-view-default) .elementor-drop-cap-letter{width:1em;height:1em}.elementor-widget-text-editor .elementor-drop-cap{float:left;text-align:center;line-height:1;font-size:50px}.elementor-widget-text-editor .elementor-drop-cap-letter{display:inline-block}<\/style>\t\t\t\t<h1>Kes on koolitaja?<\/h1>\r\nVeebikursust &#8220;Lash lifti koolitus koos kulmude lamineerimisega&#8221; viib l\u00e4bi koolitaja <strong>Kristina Traumann-Kepp<\/strong> kes on tegutsenud iluvaldkonnas alates 2009. aastast. Ta alustas oma teekonda ripsmetehnikuna mil omandas samal ajal Mainori k\u00f5rgkoolis 2. kursusel ettev\u00f5tluse ja projektijuhtimise eriala. Sellele j\u00e4rgnes koheselt vol\u00fc\u00fcmripsmed, erinevate br\u00e4ndide lash lifti koolitused, kulmukoolitused jp. T\u00e4naseks on Kristina l\u00e4bitud koolituste loetelu \u00fcsna pikk alustades fotograafiast ja l\u00f5petades TTHK juuksuri eriala \u00f5pingutega. Sinna vahele j\u00e4\u00e4b hulk kunstiliste suunadega koolitusi nagu n\u00e4iteks erinevad kulmu hoolduste koolitused, rahvusvaheline meigikool ning Sviatoslav Otchenash by Academy S p\u00fcsimeigi kursuse, et hoida oma teadmised v\u00e4rskena ja pakkuda klientidele kvaliteetset teenust. Kristina on koolitanud alates 2018. aastast viies l\u00e4bi lash lifti, kulmuhoolduse, kulmude lamineerimise, ripsmepikenduste jpt. koolitusi.\r\n\r\n&nbsp;\r\n\r\n<strong>Miks l\u00e4bida kursus veebikoolitusena:<\/strong>\r\n<ul>\r\n \t<li>Saad l\u00e4bida koolitust omale sobivas asukohas<\/li>\r\n \t<li>Koolitaja l\u00e4bib koos \u00f5pilastega veebip\u00f5hise koolituse ja juhendab samm-sammult<\/li>\r\n \t<li>Koolituste l\u00f5ppedes saab \u00f5pilane liituda tugigrupiga 3 kuuks kus koolitaja vastab \u00f5pilaste k\u00fcsimustele<\/li>\r\n \t<li>Modelle ei ole vaja otsida koolituse toimumise ajaks vaid saad t\u00f6\u00f6d teostada endale sobival ajal<\/li>\r\n \t<li>Kokkuhoid transpordi ja aja pealt \u2013 ei pea kulutama tulekuks tunde ja s\u00e4\u00e4sta raha k\u00fctuse pealt<\/li>\r\n \t<li>Kiire viis oma teadmised viia uuele tasemele<\/li>\r\n \t<li>Koolituse l\u00e4bimisel on \u00f5pilasel v\u00f5imalik soetada stardikomplekt -5% soodsamalt<\/li>\r\n<\/ul>\r\n&nbsp;\r\n\r\n<strong>Registreerumine: <\/strong>Lisades koolituse ostukorvi ja tasudes selle eest, edastame koolituse l\u00e4bimiseks vajaliku lisainfo e-kirja teel \u00f5pilasele kus on kirjas t\u00e4psed juhised koolituse l\u00e4bimise teekonnaks. Soetades koolituse koos stardikomplektida saadame paki koheselt \u00f5pilasele teele.\r\n\r\n<strong>Koolituse teekond:<\/strong> P\u00fc\u00fcame pakkuda koolituse l\u00e4bimiseks kvaliteetseid \u00f5ppevideoid ja hoolega valmistatud \u00f5ppematerjale koolituse l\u00e4bimiseks veebi teel. Koolituse l\u00f5ppedes peate hindamisprotsessi osana esitama pildid enne ja p\u00e4rast t\u00f6\u00f6dest (3 kuu jooksul). COVID-19 kriisi ajal pikendame hindamisperioodi.\r\n\r\n<strong>Kursuse l\u00e4bimine:<\/strong> Kui oled hindamisfaasi edukalt l\u00e4binud, v\u00e4ljastame Sulle tunnistuse! HURRA!!\r\n<h3><\/h3>\r\n&nbsp;\r\n<h4><strong>PANE T\u00c4HELE:<\/strong><\/h4>\r\nVeebikoolitus ei ole tagastatavad.\r\nJ\u00e4tame endale \u00f5iguse sertifikaati v\u00e4ljastamata j\u00e4tta seni, kuni eduka hindamisega on saavutatud p\u00e4devus.\r\nVeebikursused on saadaval ainult Eesti keeles. Teile antakse 6 kuuks juurdep\u00e4\u00e4su veebikursusele.\r\nMeie veebisaidilt saate vaadata ka muid koolitusv\u00f5imalusi.\r\nKoolituse ja stardikomplekti tasumiseks leiab kassast erinevaid v\u00f5imalusi n\u00e4iteks j\u00e4relmaks v\u00f5i osamaksed.\r\nPakume lisaks v\u00f5imalust kokku leppida koolituse l\u00e4bimine eraviisiliselt, kus koolitaja tuleks koolitama salongi koha peale. Sellisel juhul lisandub kohaletuleku tasu.\t\t\t\t\t\t<\/div>\n\t\t\t\t<\/div>\n\t\t\t\t\t<\/div>\n\t\t<\/div>\n\t\t\t\t\t<\/div>\n\t\t<\/section>\n\t\t\t\t<section class=\"elementor-section elementor-top-section elementor-element elementor-element-9db1a70 elementor-section-boxed elementor-section-height-default elementor-section-height-default\" data-id=\"9db1a70\" data-element_type=\"section\">\n\t\t\t\t\t\t<div class=\"elementor-container elementor-column-gap-default\">\n\t\t\t\t\t<div class=\"elementor-column elementor-col-100 elementor-top-column elementor-element elementor-element-872427f\" data-id=\"872427f\" data-element_type=\"column\">\n\t\t\t<div class=\"elementor-widget-wrap elementor-element-populated\">\n\t\t\t\t\t\t<div class=\"elementor-element elementor-element-1913dd9 elementor-widget elementor-widget-spacer\" data-id=\"1913dd9\" data-element_type=\"widget\" data-widget_type=\"spacer.default\">\n\t\t\t\t<div class=\"elementor-widget-container\">\n\t\t\t<style>\/*! elementor - v3.20.0 - 20-03-2024 *\/\n.elementor-column .elementor-spacer-inner{height:var(--spacer-size)}.e-con{--container-widget-width:100%}.e-con-inner>.elementor-widget-spacer,.e-con>.elementor-widget-spacer{width:var(--container-widget-width,var(--spacer-size));--align-self:var(--container-widget-align-self,initial);--flex-shrink:0}.e-con-inner>.elementor-widget-spacer>.elementor-widget-container,.e-con>.elementor-widget-spacer>.elementor-widget-container{height:100%;width:100%}.e-con-inner>.elementor-widget-spacer>.elementor-widget-container>.elementor-spacer,.e-con>.elementor-widget-spacer>.elementor-widget-container>.elementor-spacer{height:100%}.e-con-inner>.elementor-widget-spacer>.elementor-widget-container>.elementor-spacer>.elementor-spacer-inner,.e-con>.elementor-widget-spacer>.elementor-widget-container>.elementor-spacer>.elementor-spacer-inner{height:var(--container-widget-height,var(--spacer-size))}.e-con-inner>.elementor-widget-spacer.elementor-widget-empty,.e-con>.elementor-widget-spacer.elementor-widget-empty{position:relative;min-height:22px;min-width:22px}.e-con-inner>.elementor-widget-spacer.elementor-widget-empty .elementor-widget-empty-icon,.e-con>.elementor-widget-spacer.elementor-widget-empty .elementor-widget-empty-icon{position:absolute;top:0;bottom:0;left:0;right:0;margin:auto;padding:0;width:22px;height:22px}<\/style>\t\t<div class=\"elementor-spacer\">\n\t\t\t<div class=\"elementor-spacer-inner\"><\/div>\n\t\t<\/div>\n\t\t\t\t<\/div>\n\t\t\t\t<\/div>\n\t\t\t\t\t<\/div>\n\t\t<\/div>\n\t\t\t\t\t<\/div>\n\t\t<\/section>\n\t\t\t\t<section class=\"elementor-section elementor-top-section elementor-element elementor-element-fa8f198 elementor-section-full_width elementor-section-height-default elementor-section-height-default\" data-id=\"fa8f198\" data-element_type=\"section\">\n\t\t\t\t\t\t<div class=\"elementor-container elementor-column-gap-default\">\n\t\t\t\t\t<div class=\"elementor-column elementor-col-100 elementor-top-column elementor-element elementor-element-3b5f336\" data-id=\"3b5f336\" data-element_type=\"column\">\n\t\t\t<div class=\"elementor-widget-wrap elementor-element-populated\">\n\t\t\t\t\t\t<div class=\"elementor-element elementor-element-4f87abe elementor-widget elementor-widget-heading\" data-id=\"4f87abe\" data-element_type=\"widget\" data-widget_type=\"heading.default\">\n\t\t\t\t<div class=\"elementor-widget-container\">\n\t\t\t<style>\/*! elementor - v3.20.0 - 20-03-2024 *\/\n.elementor-heading-title{padding:0;margin:0;line-height:1}.elementor-widget-heading .elementor-heading-title[class*=elementor-size-]>a{color:inherit;font-size:inherit;line-height:inherit}.elementor-widget-heading .elementor-heading-title.elementor-size-small{font-size:15px}.elementor-widget-heading .elementor-heading-title.elementor-size-medium{font-size:19px}.elementor-widget-heading .elementor-heading-title.elementor-size-large{font-size:29px}.elementor-widget-heading .elementor-heading-title.elementor-size-xl{font-size:39px}.elementor-widget-heading .elementor-heading-title.elementor-size-xxl{font-size:59px}<\/style><h3 class=\"elementor-heading-title elementor-size-default\">K\u00fcsi k\u00fcsimus<\/h3>\t\t<\/div>\n\t\t\t\t<\/div>\n\t\t\t\t<div class=\"elementor-element elementor-element-17bd0fd elementor-widget elementor-widget-neuron-form\" data-id=\"17bd0fd\" data-element_type=\"widget\" data-widget_type=\"neuron-form.default\">\n\t\t\t\t<div class=\"elementor-widget-container\">\n\t\t\t\t\t<form class=\"m-neuron-form\" method=\"post\" name=\"Koolitus k\u00fcsimus\">\r\n\t\t\t<input type=\"hidden\" name=\"post_id\" value=\"15223\"\/>\r\n\t\t\t<input type=\"hidden\" name=\"form_id\" value=\"17bd0fd\"\/>\r\n\r\n\t\t\t\t\t\t<div class=\"m-neuron-form__field-group--text m-neuron-form__field-group elementor-repeater-item-349030e\">\r\n\t\t\t\t<input size=\"1\" type=\"text\" name=\"form_fields[name]\" id=\"form-field-name\" class=\"m-neuron-form__field h-neuron-size-xs  m-neuron-form__input\" placeholder=\"Nimi\">\t\t\t<\/div>\r\n\t\t\t\t\t\t<div class=\"m-neuron-form__field-group--email m-neuron-form__field-group elementor-repeater-item-dda8cdc m-neuron-form__field-group--required\">\r\n\t\t\t\t<input size=\"1\" type=\"email\" name=\"form_fields[email]\" id=\"form-field-email\" class=\"m-neuron-form__field h-neuron-size-xs  m-neuron-form__input\" placeholder=\"Email\" required=\"required\" aria-required=\"true\">\t\t\t<\/div>\r\n\t\t\t\t\t\t<div class=\"m-neuron-form__field-group--textarea m-neuron-form__field-group elementor-repeater-item-f139799\">\r\n\t\t\t\t<textarea class=\"m-neuron-form__field  h-neuron-size-xs\" name=\"form_fields[message]\" id=\"form-field-message\" rows=\"4\" placeholder=\"S\u00f5num\"><\/textarea>\t\t\t<\/div>\r\n\t\t\t\t\t\t<div class=\"m-neuron-form__field-group m-neuron-form__button\">\r\n\t\t\t\t<button type=\"submit\" class=\"m-neuron-form__submit-button a-neuron-button h-neuron-size--sm\">\r\n\t\t\t\t\t<span >\r\n\t\t\t\t\t\t\t\t\t\t\t\t\t<span class=\"m-neuron-form__button-icon\">\r\n\t\t\t\t\t\t\t\t\t\t\t\t\t\t\t\t\t\t\t\t\t\t\t<\/span>\r\n\t\t\t\t\t\t\t\t\t\t\t\t\t\t\t\t\t\t\t<span class=\"m-neuron-form__button-text\">Saada<\/span>\r\n\t\t\t\t\t\t\t\t\t\t\t<\/span>\r\n\t\t\t\t<\/button>\r\n\t\t\t<\/div>\r\n\t\t<\/form>\r\n\t\t\t\t<\/div>\n\t\t\t\t<\/div>\n\t\t\t\t\t<\/div>\n\t\t<\/div>\n\t\t\t\t\t<\/div>\n\t\t<\/section>\n\t\t\t\t<\/div>\n\t\t","protected":false},"excerpt":{"rendered":"<p>Lash lift ei kaota oma populaarsust niipea. Protseduuri k\u00e4igus saame ripsmetele anda soovitud kuju ja seel\u00e4bi tuua esile silmade ilmekus. Teenus on k\u00f5rgelt hinnatud nende klientide seas, kes soovivad naturaalsetele ripsmetele anda efekti ilma kunstripsmeteta. Protseduuril anname ripsmetele tumeda v\u00e4ljan\u00e4gemise keemilise v\u00e4rvimise abil, mis toob esile kohese efekti. Koolitusel \u00f5pime lisaks ka kulmude lamineerimist, mis annab kulmude t\u00e4idlase v\u00e4limuse. Kulme saab lihtsasti kujundada v\u00f5i s\u00e4ttida soovitud kujusse. See on ka p\u00f5hjus, miks kliendid seda teenust armastavad. Koolitus on sobilik k\u00f5igile nii alustavale ilutegijale kui ka tegutsevale meistrile.<\/p>\n<p>&nbsp;<\/p>\n<p>Veebikoolitus annab teile p\u00f5hjalikud teadmised lash lifti ja kulmude lamineerimise protseduurist ning n\u00e4pun\u00e4iteid erinevate tehnikate valdamiseks, et saavutada t\u00e4iuslik tulemus. Lash lifti koolitusel \u00f5pime protseduuri algt\u00f5desid, \u00f5igeid t\u00f6\u00f6v\u00f5tteid, ripsmete liimimist silikoonrullile, emulsioonide kasutamist ja pealekandmist ja eemaldamist, ripsmete keemilist v\u00e4rvimist ning lisaks kulmude lamineerimist.<\/p>\n<p>&nbsp;<\/p>\n<p><strong>Veebikursusel l\u00e4bitavad teemad:<\/strong><\/p>\n<ul>\n<li>Mis on lash lift<\/li>\n<li>Kliendi konsultatsioon<\/li>\n<li>Ripsmekarva anatoomia<\/li>\n<li>Silikoonrullide valimine<\/li>\n<li>H\u00fcgieen ja t\u00f6\u00f6ohutus<\/li>\n<li>T\u00f6\u00f6riistade, tarvikute ja seadmete puhastamine<\/li>\n<li>Protseduuri eelsed ettevalmistused ja vastun\u00e4idustused<\/li>\n<li>Emulsioonide m\u00f5juajad ja tooteomadused<\/li>\n<li>Lash lifti teenuse protsess ja samm-sammult protseduuri l\u00e4bimine veebis<\/li>\n<li>Botox kasutamine lash lifti protseduuri ajal<\/li>\n<li>Ripsmete keemiline v\u00e4rvimine<\/li>\n<li>Ripsmekarvade niisutmine p\u00e4rast protseduuri ja selle vajalikkus<\/li>\n<li>Kulmude lamineerimise protseduur<\/li>\n<li>J\u00e4rel hooldus ja kliendi kodunehooldus<\/li>\n<li>Korduma kippuvad k\u00fcsimused \/ olulised m\u00e4rkused<\/li>\n<li>Kuidas teha h\u00e4id enne\/p\u00e4rast pilte<\/li>\n<li>Veebikursus toimub Zoom vahendusel<\/li>\n<\/ul>\n<p>&nbsp;<\/p>\n<p>Koolitaja l\u00e4bib koos koolitatavatega \u00f5ppematerjali ja \u00f5ppevideod selleks, et veebip\u00f5hine \u00f5ppimise kogemus oleks v\u00f5imalikult meeldiv. Seej\u00e4rel saavad \u00f5pilased ligip\u00e4\u00e4su \u00f5ppematerjalidele ja \u00f5ppevideotele, kus n\u00e4idatakse samm-sammult ette t\u00f6\u00f6k\u00e4ik ja p\u00f5hjendatakse protseduuri etappide vajalikkust. Rohkem infot leia \u00d5ppekavast\u00a0<a href=\"https:\/\/prelive2.pomello.ee\/lash-lift-ja-kulmude-lamineerimine\/\"><strong>siit\u00a0<\/strong><\/a><\/p>\n","protected":false},"featured_media":20486,"comment_status":"open","ping_status":"closed","template":"","meta":{"_monsterinsights_skip_tracking":false,"_monsterinsights_sitenote_active":false,"_monsterinsights_sitenote_note":"","_monsterinsights_sitenote_category":0},"product_cat":[228],"product_tag":[],"class_list":{"0":"post-15223","1":"product","2":"type-product","3":"status-publish","4":"has-post-thumbnail","6":"product_cat-koolitused","8":"first","9":"instock","10":"virtual","11":"taxable","12":"purchasable","13":"product-type-simple"},"_links":{"self":[{"href":"https:\/\/prelive2.pomello.ee\/en\/wp-json\/wp\/v2\/product\/15223","targetHints":{"allow":["GET"]}}],"collection":[{"href":"https:\/\/prelive2.pomello.ee\/en\/wp-json\/wp\/v2\/product"}],"about":[{"href":"https:\/\/prelive2.pomello.ee\/en\/wp-json\/wp\/v2\/types\/product"}],"replies":[{"embeddable":true,"href":"https:\/\/prelive2.pomello.ee\/en\/wp-json\/wp\/v2\/comments?post=15223"}],"version-history":[{"count":25,"href":"https:\/\/prelive2.pomello.ee\/en\/wp-json\/wp\/v2\/product\/15223\/revisions"}],"predecessor-version":[{"id":18416,"href":"https:\/\/prelive2.pomello.ee\/en\/wp-json\/wp\/v2\/product\/15223\/revisions\/18416"}],"wp:featuredmedia":[{"embeddable":true,"href":"https:\/\/prelive2.pomello.ee\/en\/wp-json\/wp\/v2\/media\/20486"}],"wp:attachment":[{"href":"https:\/\/prelive2.pomello.ee\/en\/wp-json\/wp\/v2\/media?parent=15223"}],"wp:term":[{"taxonomy":"product_cat","embeddable":true,"href":"https:\/\/prelive2.pomello.ee\/en\/wp-json\/wp\/v2\/product_cat?post=15223"},{"taxonomy":"product_tag","embeddable":true,"href":"https:\/\/prelive2.pomello.ee\/en\/wp-json\/wp\/v2\/product_tag?post=15223"}],"curies":[{"name":"wp","href":"https:\/\/api.w.org\/{rel}","templated":true}]}}